{"id":469,"date":"2026-03-21T15:59:38","date_gmt":"2026-03-21T14:59:38","guid":{"rendered":"https:\/\/maisonfofiz.com\/?post_type=product&#038;p=469"},"modified":"2026-04-21T14:02:23","modified_gmt":"2026-04-21T13:02:23","slug":"collection-classique-t-shirt-noir-100-coton","status":"publish","type":"product","link":"https:\/\/maisonfofiz.com\/en\/product\/collection-classique-t-shirt-noir-100-coton\/","title":{"rendered":"CLASSIC COLLECTION BLACK T-SHIRT 100% COTTON"},"content":{"rendered":"<p>Blakfofiz Classic \u2014 Collection Signature \u00c0\u1e62\u1eb8KEMET<\/p>\n<p>Weight: 200-220 g\/m\u00b2 \u2014 thick, structured, premium<br \/>\nAssembled in Burkina Faso, in a local workshop<br \/>\nHot-pressed DTF printing, high definition, durable<br \/>\nClassic unisex fit \u2014 Crew neck<br \/>\nColor: Solid Black<\/p>\n<p>Black is presented as a deliberate and explicit artistic choice, not as a constraint.<\/p>\n<p>Production follows the creative rhythm of Maison FOFIZ.<br \/>\nPublished in confidential quantities.<\/p>\n<p>\u20ac50 \u2014 Delivery within France included<br \/>\nEurope: +15 \u20ac \u2014 International: +25 \u20ac<\/p>","protected":false},"excerpt":{"rendered":"<p>t-shirt Noir uni. Motif blanc. Guerrier totem.<br \/>\nCe t-shirt n&#8217;est pas une \u0153uvre \u2014 c&#8217;est un manifeste port\u00e9.<br \/>\nConfectionn\u00e9 au Burkina Faso, con\u00e7u pour propager l&#8217;univers visuel de Blakfofiz \u00e0 travers le monde, chaque pi\u00e8ce soutient directement le travail de cr\u00e9ation de l&#8217;artiste.<br \/>\nUn geste simple. Un impact r\u00e9el.<\/p>","protected":false},"featured_media":1652,"comment_status":"open","ping_status":"closed","template":"","meta":[],"product_brand":[],"product_cat":[28],"product_tag":[31,34,42,30,33,39,43,32,41,40,35,37,36,29,44,45,46,38],"class_list":{"0":"post-469","1":"product","2":"type-product","3":"status-publish","4":"has-post-thumbnail","6":"product_cat-editions-maison-fofiz","7":"product_tag-art-africain","8":"product_tag-art-contemporain","9":"product_tag-art-wearable","10":"product_tag-blakfofiz","11":"product_tag-burkina-faso","12":"product_tag-collection","13":"product_tag-guerrier-blakfofiz","14":"product_tag-guerrier-totem","15":"product_tag-maisonfofiz","16":"product_tag-manifeste","17":"product_tag-mode-africaine","18":"product_tag-noir-uni","19":"product_tag-streetwear","20":"product_tag-t-shirt","21":"product_tag-t-shirt-blakfofiz","22":"product_tag-t-shirt-maison-fofiz","23":"product_tag-t-shirt-maisonfofiz","24":"product_tag-unisexe","26":"first","27":"instock","28":"taxable","29":"shipping-taxable","30":"purchasable","31":"product-type-variable"},"_links":{"self":[{"href":"https:\/\/maisonfofiz.com\/en\/wp-json\/wp\/v2\/product\/469","targetHints":{"allow":["GET"]}}],"collection":[{"href":"https:\/\/maisonfofiz.com\/en\/wp-json\/wp\/v2\/product"}],"about":[{"href":"https:\/\/maisonfofiz.com\/en\/wp-json\/wp\/v2\/types\/product"}],"replies":[{"embeddable":true,"href":"https:\/\/maisonfofiz.com\/en\/wp-json\/wp\/v2\/comments?post=469"}],"wp:featuredmedia":[{"embeddable":true,"href":"https:\/\/maisonfofiz.com\/en\/wp-json\/wp\/v2\/media\/1652"}],"wp:attachment":[{"href":"https:\/\/maisonfofiz.com\/en\/wp-json\/wp\/v2\/media?parent=469"}],"wp:term":[{"taxonomy":"product_brand","embeddable":true,"href":"https:\/\/maisonfofiz.com\/en\/wp-json\/wp\/v2\/product_brand?post=469"},{"taxonomy":"product_cat","embeddable":true,"href":"https:\/\/maisonfofiz.com\/en\/wp-json\/wp\/v2\/product_cat?post=469"},{"taxonomy":"product_tag","embeddable":true,"href":"https:\/\/maisonfofiz.com\/en\/wp-json\/wp\/v2\/product_tag?post=469"}],"curies":[{"name":"wp","href":"https:\/\/api.w.org\/{rel}","templated":true}]}}