{"id":2324,"date":"2026-04-20T19:02:07","date_gmt":"2026-04-20T18:02:07","guid":{"rendered":"https:\/\/maisonfofiz.com\/?post_type=product&#038;p=2324"},"modified":"2026-04-20T19:05:13","modified_gmt":"2026-04-20T18:05:13","slug":"guerrier-ancestral-blak-koro-kesin-gbona-fine-art-print-edition-limitee","status":"publish","type":"product","link":"https:\/\/maisonfofiz.com\/en\/product\/guerrier-ancestral-blak-koro-kesin-gbona-fine-art-print-edition-limitee\/","title":{"rendered":"Guerrier Ancestral: BLAK K\u00d4R\u00d2 &#038; K\u1eb8\u0300S\u00cdN-GB\u00d3\u0300N\u00c1 \u2014 Fine Art Print | \u00c9dition Limit\u00e9e"},"content":{"rendered":"<p>BLAK K\u00d4R\u00d2 &amp; K\u1eb8\u0300S\u00cdN-GB\u00d3\u0300N\u00c1<\/p>\n<p>Original digital creation \u00a9 Blakfofiz, 2026.<\/p>\n<p>Fine Art Pigment Print \u2014 Limited edition of 30 numbered copies.<\/p>\n<p>Printed in France, using professional pigment inks (150-year durability).<\/p>\n<p>Secure delivery included.<\/p>\n<p><b>___________________________________________________________________________________________________<\/b><\/p>\n<p>Guerrier Ancestral: BLAK K\u00d4R\u00d2 &amp; K\u1eb8\u0300S\u00cdN-GB\u00d3\u0300N\u00c1 issu de l&#8217;univers \u00c0\u1e62\u1eb8KEMET \u2014 une \u0153uvre de protection, d&#8217;\u00e9veil et de souverainet\u00e9.<\/p>\n<p>Each print is produced by Blakfofiz from an original digital creation. The source files are never sold.<\/p>\n<p>\u2501\u2501\u2501\u2501\u2501\u2501\u2501\u2501\u2501\u2501\u2501\u2501\u2501\u2501\u2501\u2501\u2501\u2501\u2501\u2501<\/p>\n<p>TECHNICAL SPECIFICATIONS<\/p>\n<p>\u2501\u2501\u2501\u2501\u2501\u2501\u2501\u2501\u2501\u2501\u2501\u2501\u2501\u2501\u2501\u2501\u2501\u2501\u2501\u2501<\/p>\n<p>Format\u00a0\u00a0\u00a0\u00a0\u00a0\u00a0 : 60 \u00d7 80 cm<\/p>\n<p>Technique\u00a0\u00a0\u00a0 : Fine Art Pigment Print<\/p>\n<p>Support\u00a0\u00a0\u00a0\u00a0\u00a0 : Canson Arches Aquarelle Rag 310g \u2014 100% coton, sans acide<\/p>\n<p>Impression\u00a0\u00a0 : R\u00e9alis\u00e9e en France, encres pigmentaires professionnelles<\/p>\n<p>Durabilit\u00e9\u00a0\u00a0 : 150 ans<\/p>\n<p>\u00c9dition\u00a0\u00a0\u00a0\u00a0\u00a0 : Limit\u00e9e \u00e0 30 exemplaires<\/p>\n<p>Certification: Numbered certificate of authenticity included<\/p>\n<p>\u2501\u2501\u2501\u2501\u2501\u2501\u2501\u2501\u2501\u2501\u2501\u2501\u2501\u2501\u2501\u2501\u2501\u2501\u2501\u2501<\/p>\n<p>DELIVERY<\/p>\n<p>\u2501\u2501\u2501\u2501\u2501\u2501\u2501\u2501\u2501\u2501\u2501\u2501\u2501\u2501\u2501\u2501\u2501\u2501\u2501\u2501<\/p>\n<p>Each print is inspected, referenced and shipped in secure packaging.<\/p>\n<p>Delivery included for mainland France.<\/p>\n<p>\u2501\u2501\u2501\u2501\u2501\u2501\u2501\u2501\u2501\u2501\u2501\u2501\u2501\u2501\u2501\u2501\u2501\u2501\u2501\u2501<\/p>\n<p>ORDER<\/p>\n<p>\u2501\u2501\u2501\u2501\u2501\u2501\u2501\u2501\u2501\u2501\u2501\u2501\u2501\u2501\u2501\u2501\u2501\u2501\u2501\u2501<\/p>\n<p>Select your delivery area from the menu above, then add to cart.<\/p>\n<p>For any questions: contact@maisonfofiz.com<\/p>","protected":false},"excerpt":{"rendered":"<p>BLAK K\u00d4R\u00d2 &amp; K\u1eb8\u0300S\u00cdN-GB\u00d3\u0300N\u00c1 Cr\u00e9ation num\u00e9rique originale \u00a9 Blakfofiz, 2026. Fine Art Pigment Print \u2014 \u00c9dition limit\u00e9e \u00e0 30 exemplaires num\u00e9rot\u00e9s. Impression r\u00e9alis\u00e9e en France, encres pigmentaires professionnelles (durabilit\u00e9 150 ans). Livraison s\u00e9curis\u00e9e incluse. ___________________________________________________________________________________________________ Guerrier Ancestral: BLAK K\u00d4R\u00d2 &amp; K\u1eb8\u0300S\u00cdN-GB\u00d3\u0300N\u00c1 issu de l&#8217;univers \u00c0\u1e62\u1eb8KEMET \u2014 une \u0153uvre de protection, d&#8217;\u00e9veil et de souverainet\u00e9. Chaque [&hellip;]<\/p>\n","protected":false},"featured_media":340,"comment_status":"open","ping_status":"closed","template":"","meta":[],"product_brand":[],"product_cat":[28],"product_tag":[],"class_list":{"0":"post-2324","1":"product","2":"type-product","3":"status-publish","4":"has-post-thumbnail","6":"product_cat-editions-maison-fofiz","8":"first","9":"instock","10":"purchasable","11":"product-type-variable"},"_links":{"self":[{"href":"https:\/\/maisonfofiz.com\/en\/wp-json\/wp\/v2\/product\/2324","targetHints":{"allow":["GET"]}}],"collection":[{"href":"https:\/\/maisonfofiz.com\/en\/wp-json\/wp\/v2\/product"}],"about":[{"href":"https:\/\/maisonfofiz.com\/en\/wp-json\/wp\/v2\/types\/product"}],"replies":[{"embeddable":true,"href":"https:\/\/maisonfofiz.com\/en\/wp-json\/wp\/v2\/comments?post=2324"}],"wp:featuredmedia":[{"embeddable":true,"href":"https:\/\/maisonfofiz.com\/en\/wp-json\/wp\/v2\/media\/340"}],"wp:attachment":[{"href":"https:\/\/maisonfofiz.com\/en\/wp-json\/wp\/v2\/media?parent=2324"}],"wp:term":[{"taxonomy":"product_brand","embeddable":true,"href":"https:\/\/maisonfofiz.com\/en\/wp-json\/wp\/v2\/product_brand?post=2324"},{"taxonomy":"product_cat","embeddable":true,"href":"https:\/\/maisonfofiz.com\/en\/wp-json\/wp\/v2\/product_cat?post=2324"},{"taxonomy":"product_tag","embeddable":true,"href":"https:\/\/maisonfofiz.com\/en\/wp-json\/wp\/v2\/product_tag?post=2324"}],"curies":[{"name":"wp","href":"https:\/\/api.w.org\/{rel}","templated":true}]}}