{"id":82,"date":"2026-03-15T11:59:04","date_gmt":"2026-03-15T11:59:04","guid":{"rendered":"http:\/\/jauqxpc.cluster100.hosting.ovh.net\/?page_id=82"},"modified":"2026-04-03T22:28:46","modified_gmt":"2026-04-03T21:28:46","slug":"contact","status":"publish","type":"page","link":"https:\/\/maisonfofiz.com\/en\/contact\/","title":{"rendered":"CONTACT"},"content":{"rendered":"<div data-elementor-type=\"wp-page\" data-elementor-id=\"82\" class=\"elementor elementor-82\">\n\t\t\t\t<div class=\"elementor-element elementor-element-25bef53 e-flex e-con-boxed e-con e-parent\" data-id=\"25bef53\" data-element_type=\"container\" data-e-type=\"container\">\n\t\t\t\t\t<div class=\"e-con-inner\">\n\t\t\t\t<div class=\"elementor-element elementor-element-1580c44 elementor-widget elementor-widget-heading\" data-id=\"1580c44\" data-element_type=\"widget\" data-e-type=\"widget\" data-widget_type=\"heading.default\">\n\t\t\t\t\t<h2 class=\"elementor-heading-title elementor-size-default\">For any inquiries regarding the works\u2026<\/h2>\t\t\t\t<\/div>\n\t\t\t\t\t<\/div>\n\t\t\t\t<\/div>\n\t\t<div class=\"elementor-element elementor-element-2bf1e95 e-flex e-con-boxed e-con e-parent\" data-id=\"2bf1e95\" data-element_type=\"container\" data-e-type=\"container\">\n\t\t\t\t\t<div class=\"e-con-inner\">\n\t\t\t\t<div class=\"elementor-element elementor-element-00f3612 elementor-widget elementor-widget-text-editor\" data-id=\"00f3612\" data-element_type=\"widget\" data-e-type=\"widget\" data-widget_type=\"text-editor.default\">\n\t\t\t\t\t\t\t\t\t<p>CONTACT MAISON FOFIZ<\/p><p>Every request receives a response within [timeframe] <strong>48 hours<\/strong>.<br \/>Free quote. Secure payment.<br \/>Certificate of authenticity included with each artwork sold.<br \/>International orders welcome.<\/p>\t\t\t\t\t\t\t\t<\/div>\n\t\t\t\t\t<\/div>\n\t\t\t\t<\/div>\n\t\t<div class=\"elementor-element elementor-element-d4480f5 e-flex e-con-boxed e-con e-parent\" data-id=\"d4480f5\" data-element_type=\"container\" data-e-type=\"container\">\n\t\t\t\t\t<div class=\"e-con-inner\">\n\t\t\t\t<div class=\"elementor-element elementor-element-2d567eb elementor-widget-divider--view-line elementor-widget elementor-widget-divider\" data-id=\"2d567eb\" data-element_type=\"widget\" data-e-type=\"widget\" data-widget_type=\"divider.default\">\n\t\t\t\t\t\t\t<div class=\"elementor-divider\">\n\t\t\t<span class=\"elementor-divider-separator\">\n\t\t\t\t\t\t<\/span>\n\t\t<\/div>\n\t\t\t\t\t\t<\/div>\n\t\t\t\t\t<\/div>\n\t\t\t\t<\/div>\n\t\t<div class=\"elementor-element elementor-element-50eecbf e-flex e-con-boxed e-con e-parent\" data-id=\"50eecbf\" data-element_type=\"container\" data-e-type=\"container\">\n\t\t\t\t\t<div class=\"e-con-inner\">\n\t\t\t\t<div class=\"elementor-element elementor-element-1a2cf6d elementor-widget elementor-widget-heading\" data-id=\"1a2cf6d\" data-element_type=\"widget\" data-e-type=\"widget\" data-widget_type=\"heading.default\">\n\t\t\t\t\t<h2 class=\"elementor-heading-title elementor-size-default\">COLLECTORS<\/h2>\t\t\t\t<\/div>\n\t\t\t\t\t<\/div>\n\t\t\t\t<\/div>\n\t\t<div class=\"elementor-element elementor-element-2aac1df e-flex e-con-boxed e-con e-parent\" data-id=\"2aac1df\" data-element_type=\"container\" data-e-type=\"container\">\n\t\t\t\t\t<div class=\"e-con-inner\">\n\t\t\t\t<div class=\"elementor-element elementor-element-d7fb454 elementor-widget elementor-widget-text-editor\" data-id=\"d7fb454\" data-element_type=\"widget\" data-e-type=\"widget\" data-widget_type=\"text-editor.default\">\n\t\t\t\t\t\t\t\t\t<p>FOR COLLECTORS<\/p><p>The five thrones on display in Senegal are available<br \/>for sale as unique pieces.<\/p><p>All other works are available on order:<br \/>Fine art prints, hand-painted canvases,<br \/>Resin sculptures.<\/p><p>\u2192 Production time: 3 to 6 weeks<br \/>depending on the medium and format.<br \/>\u2192 Certificate of authenticity included<br \/>with each acquisition.<br \/>\u2192 Secure payment.<br \/>International shipping available.<\/p>\t\t\t\t\t\t\t\t<\/div>\n\t\t\t\t\t<\/div>\n\t\t\t\t<\/div>\n\t\t<div class=\"elementor-element elementor-element-c80a6b9 e-flex e-con-boxed e-con e-parent\" data-id=\"c80a6b9\" data-element_type=\"container\" data-e-type=\"container\">\n\t\t\t\t\t<div class=\"e-con-inner\">\n\t\t\t\t<div class=\"elementor-element elementor-element-fc03de2 elementor-align-center elementor-widget elementor-widget-button\" data-id=\"fc03de2\" data-element_type=\"widget\" data-e-type=\"widget\" data-widget_type=\"button.default\">\n\t\t\t\t\t\t\t\t\t\t<a class=\"elementor-button elementor-button-link elementor-size-sm\" href=\"mailto:contact@maisonfofiz.com?subject=Renseignements%20oeuvre\">\n\t\t\t\t\t\t<span class=\"elementor-button-content-wrapper\">\n\t\t\t\t\t\t\t\t\t<span class=\"elementor-button-text\">Information about the works<\/span>\n\t\t\t\t\t<\/span>\n\t\t\t\t\t<\/a>\n\t\t\t\t\t\t\t\t<\/div>\n\t\t\t\t\t<\/div>\n\t\t\t\t<\/div>\n\t\t<div class=\"elementor-element elementor-element-8791bb9 e-flex e-con-boxed e-con e-parent\" data-id=\"8791bb9\" data-element_type=\"container\" data-e-type=\"container\">\n\t\t\t\t\t<div class=\"e-con-inner\">\n\t\t\t\t<div class=\"elementor-element elementor-element-8d52fa0 elementor-widget-divider--view-line elementor-widget elementor-widget-divider\" data-id=\"8d52fa0\" data-element_type=\"widget\" data-e-type=\"widget\" data-widget_type=\"divider.default\">\n\t\t\t\t\t\t\t<div class=\"elementor-divider\">\n\t\t\t<span class=\"elementor-divider-separator\">\n\t\t\t\t\t\t<\/span>\n\t\t<\/div>\n\t\t\t\t\t\t<\/div>\n\t\t\t\t\t<\/div>\n\t\t\t\t<\/div>\n\t\t<div class=\"elementor-element elementor-element-9e7fa42 e-flex e-con-boxed e-con e-parent\" data-id=\"9e7fa42\" data-element_type=\"container\" data-e-type=\"container\">\n\t\t\t\t\t<div class=\"e-con-inner\">\n\t\t\t\t<div class=\"elementor-element elementor-element-8946705 elementor-widget elementor-widget-heading\" data-id=\"8946705\" data-element_type=\"widget\" data-e-type=\"widget\" data-widget_type=\"heading.default\">\n\t\t\t\t\t<h2 class=\"elementor-heading-title elementor-size-default\">CURATORS &amp; INSTITUTIONS\n<\/h2>\t\t\t\t<\/div>\n\t\t\t\t\t<\/div>\n\t\t\t\t<\/div>\n\t\t<div class=\"elementor-element elementor-element-a276453 e-flex e-con-boxed e-con e-parent\" data-id=\"a276453\" data-element_type=\"container\" data-e-type=\"container\">\n\t\t\t\t\t<div class=\"e-con-inner\">\n\t\t\t\t<div class=\"elementor-element elementor-element-e9bfaad elementor-widget elementor-widget-text-editor\" data-id=\"e9bfaad\" data-element_type=\"widget\" data-e-type=\"widget\" data-widget_type=\"text-editor.default\">\n\t\t\t\t\t\t\t\t\t<p>FOR CURATORS &amp; INSTITUTIONS<\/p><p>Blakfofiz is an emerging artist with a residency<br \/>active international (Sobo Bad\u00e9, Senegal, 2024)<br \/>and works displayed in a public space.<\/p><p>\u00c0\u1e62\u1eb8KEMET is conceived as a total artistic universe \u2014<br \/>suitable for exhibition and institutional acquisition<br \/>and to cultural programming.<\/p><p>A personalized portfolio is available upon request.,<br \/>including series documentation, concept notes,<br \/>technical specifications and exhibition history.<\/p>\t\t\t\t\t\t\t\t<\/div>\n\t\t\t\t\t<\/div>\n\t\t\t\t<\/div>\n\t\t<div class=\"elementor-element elementor-element-89b6e55 e-flex e-con-boxed e-con e-parent\" data-id=\"89b6e55\" data-element_type=\"container\" data-e-type=\"container\">\n\t\t\t\t\t<div class=\"e-con-inner\">\n\t\t\t\t<div class=\"elementor-element elementor-element-8d324ee elementor-align-center elementor-widget elementor-widget-button\" data-id=\"8d324ee\" data-element_type=\"widget\" data-e-type=\"widget\" data-widget_type=\"button.default\">\n\t\t\t\t\t\t\t\t\t\t<a class=\"elementor-button elementor-button-link elementor-size-sm\" href=\"mailto:contact@maisonfofiz.com?subject=Demande%20portfolio\">\n\t\t\t\t\t\t<span class=\"elementor-button-content-wrapper\">\n\t\t\t\t\t\t\t\t\t<span class=\"elementor-button-text\">Request a PDF portfolio<\/span>\n\t\t\t\t\t<\/span>\n\t\t\t\t\t<\/a>\n\t\t\t\t\t\t\t\t<\/div>\n\t\t\t\t\t<\/div>\n\t\t\t\t<\/div>\n\t\t<div class=\"elementor-element elementor-element-ac320be e-flex e-con-boxed e-con e-parent\" data-id=\"ac320be\" data-element_type=\"container\" data-e-type=\"container\">\n\t\t\t\t\t<div class=\"e-con-inner\">\n\t\t\t\t<div class=\"elementor-element elementor-element-dd508fe elementor-widget-divider--view-line elementor-widget elementor-widget-divider\" data-id=\"dd508fe\" data-element_type=\"widget\" data-e-type=\"widget\" data-widget_type=\"divider.default\">\n\t\t\t\t\t\t\t<div class=\"elementor-divider\">\n\t\t\t<span class=\"elementor-divider-separator\">\n\t\t\t\t\t\t<\/span>\n\t\t<\/div>\n\t\t\t\t\t\t<\/div>\n\t\t\t\t\t<\/div>\n\t\t\t\t<\/div>\n\t\t<div class=\"elementor-element elementor-element-a15134a e-flex e-con-boxed e-con e-parent\" data-id=\"a15134a\" data-element_type=\"container\" data-e-type=\"container\">\n\t\t\t\t\t<div class=\"e-con-inner\">\n\t\t\t\t<div class=\"elementor-element elementor-element-95d8d7c elementor-widget elementor-widget-heading\" data-id=\"95d8d7c\" data-element_type=\"widget\" data-e-type=\"widget\" data-widget_type=\"heading.default\">\n\t\t\t\t\t<h2 class=\"elementor-heading-title elementor-size-default\">ORDERS<\/h2>\t\t\t\t<\/div>\n\t\t\t\t\t<\/div>\n\t\t\t\t<\/div>\n\t\t<div class=\"elementor-element elementor-element-e7907fd e-flex e-con-boxed e-con e-parent\" data-id=\"e7907fd\" data-element_type=\"container\" data-e-type=\"container\">\n\t\t\t\t\t<div class=\"e-con-inner\">\n\t\t\t\t<div class=\"elementor-element elementor-element-641281a elementor-widget elementor-widget-text-editor\" data-id=\"641281a\" data-element_type=\"widget\" data-e-type=\"widget\" data-widget_type=\"text-editor.default\">\n\t\t\t\t\t\t\t\t\t<p>ORDERS<\/p><p>All works from the \u00c0\u1e62\u1eb8KEMET universe can be produced<br \/>across multiple media:<br \/>Fine art print, hand-painted canvas,<br \/>resin sculpture or digital edition.<\/p><p>Custom commissions are accepted for:<br \/>collectors, interior decorators,<br \/>brands and cultural institutions.<\/p>\t\t\t\t\t\t\t\t<\/div>\n\t\t\t\t\t<\/div>\n\t\t\t\t<\/div>\n\t\t<div class=\"elementor-element elementor-element-715c523 e-flex e-con-boxed e-con e-parent\" data-id=\"715c523\" data-element_type=\"container\" data-e-type=\"container\">\n\t\t\t\t\t<div class=\"e-con-inner\">\n\t\t\t\t<div class=\"elementor-element elementor-element-45c13bc elementor-align-center elementor-widget elementor-widget-button\" data-id=\"45c13bc\" data-element_type=\"widget\" data-e-type=\"widget\" data-widget_type=\"button.default\">\n\t\t\t\t\t\t\t\t\t\t<a class=\"elementor-button elementor-button-link elementor-size-sm\" href=\"mailto:contact@maisonfofiz.com?subject=Commande\">\n\t\t\t\t\t\t<span class=\"elementor-button-content-wrapper\">\n\t\t\t\t\t\t\t\t\t<span class=\"elementor-button-text\">Order a part<\/span>\n\t\t\t\t\t<\/span>\n\t\t\t\t\t<\/a>\n\t\t\t\t\t\t\t\t<\/div>\n\t\t\t\t\t<\/div>\n\t\t\t\t<\/div>\n\t\t<div class=\"elementor-element elementor-element-d29c793 e-flex e-con-boxed e-con e-parent\" data-id=\"d29c793\" data-element_type=\"container\" data-e-type=\"container\">\n\t\t\t\t\t<div class=\"e-con-inner\">\n\t\t\t\t<div class=\"elementor-element elementor-element-e7ad3e3 elementor-widget-divider--view-line elementor-widget elementor-widget-divider\" data-id=\"e7ad3e3\" data-element_type=\"widget\" data-e-type=\"widget\" data-widget_type=\"divider.default\">\n\t\t\t\t\t\t\t<div class=\"elementor-divider\">\n\t\t\t<span class=\"elementor-divider-separator\">\n\t\t\t\t\t\t<\/span>\n\t\t<\/div>\n\t\t\t\t\t\t<\/div>\n\t\t\t\t\t<\/div>\n\t\t\t\t<\/div>\n\t\t<div class=\"elementor-element elementor-element-b847204 e-flex e-con-boxed e-con e-parent\" data-id=\"b847204\" data-element_type=\"container\" data-e-type=\"container\">\n\t\t\t\t\t<div class=\"e-con-inner\">\n\t\t\t\t<div class=\"elementor-element elementor-element-82d2f34 elementor-widget elementor-widget-heading\" data-id=\"82d2f34\" data-element_type=\"widget\" data-e-type=\"widget\" data-widget_type=\"heading.default\">\n\t\t\t\t\t<h2 class=\"elementor-heading-title elementor-size-default\">PRESS &amp; COLLABORATIONS\n<\/h2>\t\t\t\t<\/div>\n\t\t\t\t\t<\/div>\n\t\t\t\t<\/div>\n\t\t<div class=\"elementor-element elementor-element-f11e9c7 e-flex e-con-boxed e-con e-parent\" data-id=\"f11e9c7\" data-element_type=\"container\" data-e-type=\"container\">\n\t\t\t\t\t<div class=\"e-con-inner\">\n\t\t\t\t<div class=\"elementor-element elementor-element-d087d3d elementor-widget elementor-widget-text-editor\" data-id=\"d087d3d\" data-element_type=\"widget\" data-e-type=\"widget\" data-widget_type=\"text-editor.default\">\n\t\t\t\t\t\t\t\t\t<p>PRESS &amp; COLLABORATIONS<\/p><p>For all press inquiries, editorial reports,<br \/>brand collaboration or cultural partnership,<br \/>Please contact the studio directly.<\/p>\t\t\t\t\t\t\t\t<\/div>\n\t\t\t\t\t<\/div>\n\t\t\t\t<\/div>\n\t\t<div class=\"elementor-element elementor-element-e6fc571 e-flex e-con-boxed e-con e-parent\" data-id=\"e6fc571\" data-element_type=\"container\" data-e-type=\"container\">\n\t\t\t\t\t<div class=\"e-con-inner\">\n\t\t\t\t<div class=\"elementor-element elementor-element-f9f1310 elementor-align-center elementor-widget elementor-widget-button\" data-id=\"f9f1310\" data-element_type=\"widget\" data-e-type=\"widget\" data-widget_type=\"button.default\">\n\t\t\t\t\t\t\t\t\t\t<a class=\"elementor-button elementor-button-link elementor-size-sm\" href=\"mailto:contact@maisonfofiz.com?subject=Demande%20presse\">\n\t\t\t\t\t\t<span class=\"elementor-button-content-wrapper\">\n\t\t\t\t\t\t\t\t\t<span class=\"elementor-button-text\">Contact the studio<\/span>\n\t\t\t\t\t<\/span>\n\t\t\t\t\t<\/a>\n\t\t\t\t\t\t\t\t<\/div>\n\t\t\t\t\t<\/div>\n\t\t\t\t<\/div>\n\t\t<div class=\"elementor-element elementor-element-130cc95 e-flex e-con-boxed e-con e-parent\" data-id=\"130cc95\" data-element_type=\"container\" data-e-type=\"container\">\n\t\t\t\t\t<div class=\"e-con-inner\">\n\t\t\t\t<div class=\"elementor-element elementor-element-f261dcd elementor-widget-divider--view-line elementor-widget elementor-widget-divider\" data-id=\"f261dcd\" data-element_type=\"widget\" data-e-type=\"widget\" data-widget_type=\"divider.default\">\n\t\t\t\t\t\t\t<div class=\"elementor-divider\">\n\t\t\t<span class=\"elementor-divider-separator\">\n\t\t\t\t\t\t<\/span>\n\t\t<\/div>\n\t\t\t\t\t\t<\/div>\n\t\t\t\t\t<\/div>\n\t\t\t\t<\/div>\n\t\t<div class=\"elementor-element elementor-element-a48551e e-flex e-con-boxed e-con e-parent\" data-id=\"a48551e\" data-element_type=\"container\" data-e-type=\"container\">\n\t\t\t\t\t<div class=\"e-con-inner\">\n\t\t\t\t<div class=\"elementor-element elementor-element-7d435ce elementor-widget elementor-widget-heading\" data-id=\"7d435ce\" data-element_type=\"widget\" data-e-type=\"widget\" data-widget_type=\"heading.default\">\n\t\t\t\t\t<h2 class=\"elementor-heading-title elementor-size-default\">CONTACT DETAILS<\/h2>\t\t\t\t<\/div>\n\t\t\t\t\t<\/div>\n\t\t\t\t<\/div>\n\t\t<div class=\"elementor-element elementor-element-08822b4 e-flex e-con-boxed e-con e-parent\" data-id=\"08822b4\" data-element_type=\"container\" data-e-type=\"container\">\n\t\t\t\t\t<div class=\"e-con-inner\">\n\t\t\t\t<div class=\"elementor-element elementor-element-f449f9c elementor-widget elementor-widget-text-editor\" data-id=\"f449f9c\" data-element_type=\"widget\" data-e-type=\"widget\" data-widget_type=\"text-editor.default\">\n\t\t\t\t\t\t\t\t\t<p>MAISON FOFIZ \u2014 STUDIO BLAKFOFIZ<\/p><p>Email: <a class=\"decorated-link cursor-pointer\" rel=\"noopener\" data-start=\"4581\" data-end=\"4604\">contact@maisonfofiz.com<\/a><br \/>Telephone +33 7 56 96 77 26<\/p><p>Based in France, with a regular presence<br \/>in West Africa \u2014<br \/>Burkina Faso, Benin, Senegal, Ivory Coast.<\/p><p>International Residence: Sobo Bad\u00e9, Dakar, Senegal (2024).<\/p><p>\u00a9 Blakfofiz \u2014 All rights reserved.<br \/>All works are original creations.<br \/>Reproduction strictly prohibited.<\/p>\t\t\t\t\t\t\t\t<\/div>\n\t\t<div class=\"elementor-element elementor-element-b5e9d0d e-con-full e-flex e-con e-child\" data-id=\"b5e9d0d\" data-element_type=\"container\" data-e-type=\"container\">\n\t\t\t\t<div class=\"elementor-element elementor-element-d68b63d elementor-widget elementor-widget-image\" data-id=\"d68b63d\" data-element_type=\"widget\" data-e-type=\"widget\" data-widget_type=\"image.default\">\n\t\t\t\t\t\t\t\t\t\t\t\t\t\t\t<img fetchpriority=\"high\" decoding=\"async\" width=\"797\" height=\"1024\" src=\"https:\/\/maisonfofiz.com\/wp-content\/uploads\/2026\/03\/la-confrerie-des-crocodile-tableau-14.03.2026-20h13-PNG-797x1024.png\" class=\"attachment-large size-large wp-image-518\" alt=\"contact Maison FOFIZ Blakfofiz\" srcset=\"https:\/\/maisonfofiz.com\/wp-content\/uploads\/2026\/03\/la-confrerie-des-crocodile-tableau-14.03.2026-20h13-PNG-797x1024.png 797w, https:\/\/maisonfofiz.com\/wp-content\/uploads\/2026\/03\/la-confrerie-des-crocodile-tableau-14.03.2026-20h13-PNG-600x771.png 600w, https:\/\/maisonfofiz.com\/wp-content\/uploads\/2026\/03\/la-confrerie-des-crocodile-tableau-14.03.2026-20h13-PNG-234x300.png 234w, https:\/\/maisonfofiz.com\/wp-content\/uploads\/2026\/03\/la-confrerie-des-crocodile-tableau-14.03.2026-20h13-PNG-768x987.png 768w, https:\/\/maisonfofiz.com\/wp-content\/uploads\/2026\/03\/la-confrerie-des-crocodile-tableau-14.03.2026-20h13-PNG.png 934w\" sizes=\"(max-width: 797px) 100vw, 797px\" \/>\t\t\t\t\t\t\t\t\t\t\t\t\t\t\t<\/div>\n\t\t\t\t<\/div>\n\t\t\t\t\t<\/div>\n\t\t\t\t<\/div>\n\t\t<div class=\"elementor-element elementor-element-bbb4e3e e-flex e-con-boxed e-con e-parent\" data-id=\"bbb4e3e\" data-element_type=\"container\" data-e-type=\"container\">\n\t\t\t\t\t<div class=\"e-con-inner\">\n\t\t\t\t<div class=\"elementor-element elementor-element-0e688eb elementor-widget elementor-widget-text-editor\" data-id=\"0e688eb\" data-element_type=\"widget\" data-e-type=\"widget\" data-widget_type=\"text-editor.default\">\n\t\t\t\t\t\t\t\t\t<p><em>Two MADJOKA resin sculptures <\/em>Original digital creation, variable format: prototype work, AI-generated 3D concept, virtual setting\u00a0<\/p><p>\u00a9 Blakfofiz, 2025<\/p>\t\t\t\t\t\t\t\t<\/div>\n\t\t\t\t\t<\/div>\n\t\t\t\t<\/div>\n\t\t\t\t<\/div>","protected":false},"excerpt":{"rendered":"<p>Pour toute demande concernant les \u0153uvres\u2026 CONTACTER MAISON FOFIZ Toute demande re\u00e7oit une r\u00e9ponse sous 48 heures.Devis gratuit. Paiement s\u00e9curis\u00e9.Certificat d&#8217;authenticit\u00e9 inclus avec chaque \u0153uvre vendue.Commandes internationales bienvenues. LES COLLECTIONNEURS POUR LES COLLECTIONNEURS Les cinq tr\u00f4nes expos\u00e9s au S\u00e9n\u00e9gal sont disponibles\u00e0 la vente en tant que pi\u00e8ces uniques. Toutes les autres \u0153uvres sont disponibles sur [&hellip;]<\/p>\n","protected":false},"author":3,"featured_media":0,"parent":0,"menu_order":4,"comment_status":"closed","ping_status":"closed","template":"","meta":{"footnotes":""},"class_list":["post-82","page","type-page","status-publish","hentry"],"_links":{"self":[{"href":"https:\/\/maisonfofiz.com\/en\/wp-json\/wp\/v2\/pages\/82","targetHints":{"allow":["GET"]}}],"collection":[{"href":"https:\/\/maisonfofiz.com\/en\/wp-json\/wp\/v2\/pages"}],"about":[{"href":"https:\/\/maisonfofiz.com\/en\/wp-json\/wp\/v2\/types\/page"}],"author":[{"embeddable":true,"href":"https:\/\/maisonfofiz.com\/en\/wp-json\/wp\/v2\/users\/3"}],"replies":[{"embeddable":true,"href":"https:\/\/maisonfofiz.com\/en\/wp-json\/wp\/v2\/comments?post=82"}],"version-history":[{"count":35,"href":"https:\/\/maisonfofiz.com\/en\/wp-json\/wp\/v2\/pages\/82\/revisions"}],"predecessor-version":[{"id":1503,"href":"https:\/\/maisonfofiz.com\/en\/wp-json\/wp\/v2\/pages\/82\/revisions\/1503"}],"wp:attachment":[{"href":"https:\/\/maisonfofiz.com\/en\/wp-json\/wp\/v2\/media?parent=82"}],"curies":[{"name":"wp","href":"https:\/\/api.w.org\/{rel}","templated":true}]}}