{"id":720,"date":"2026-03-29T18:33:49","date_gmt":"2026-03-29T17:33:49","guid":{"rendered":"https:\/\/maisonfofiz.com\/?page_id=720"},"modified":"2026-03-29T19:08:27","modified_gmt":"2026-03-29T18:08:27","slug":"mentions-legales","status":"publish","type":"page","link":"https:\/\/maisonfofiz.com\/en\/mentions-legales\/","title":{"rendered":"Legal notice"},"content":{"rendered":"<div data-elementor-type=\"wp-page\" data-elementor-id=\"720\" class=\"elementor elementor-720\">\n\t\t\t\t<div class=\"elementor-element elementor-element-52ecfb1 e-flex e-con-boxed e-con e-parent\" data-id=\"52ecfb1\" data-element_type=\"container\" data-e-type=\"container\">\n\t\t\t\t\t<div class=\"e-con-inner\">\n\t\t\t\t<div class=\"elementor-element elementor-element-90f1bed elementor-widget elementor-widget-text-editor\" data-id=\"90f1bed\" data-element_type=\"widget\" data-e-type=\"widget\" data-widget_type=\"text-editor.default\">\n\t\t\t\t\t\t\t\t\t<p>Legal notices \u2014 FOFIZ House<\/p><p>Website publisher<\/p><p>FOFIZ House<\/p><p>Artist: Wilfried Vincent \u2014 Blakfofiz<\/p><p>Contact: contact@maisonfofiz.com<\/p><p>Accommodation<\/p><p>OVH SAS<\/p><p>2 rue Kellermann \u2014 59100 Roubaix \u2014 France<\/p><p>www.ovh.com<\/p><p>Intellectual property<\/p><p>All content on this site (texts, images, visual works) is the exclusive property of Maison FOFIZ and Wilfried Vincent. Any reproduction, even partial, is strictly prohibited without prior written authorization.<\/p><p>Personal data<\/p><p>This site does not collect any personal data for commercial purposes. Information submitted via the contact form is used solely to respond to your inquiries.<\/p><p>Cookies<\/p><p>This site may use technical cookies necessary for its proper functioning. No commercial tracking cookies are used.<\/p>\t\t\t\t\t\t\t\t<\/div>\n\t\t\t\t\t<\/div>\n\t\t\t\t<\/div>\n\t\t\t\t<\/div>","protected":false},"excerpt":{"rendered":"<p>Mentions l\u00e9gales \u2014 Maison FOFIZ \u00c9diteur du site Maison FOFIZ Artiste : Wilfried Vincent \u2014 Blakfofiz Contact : contact@maisonfofiz.com H\u00e9bergement OVH SAS 2 rue Kellermann \u2014 59100 Roubaix \u2014 France www.ovh.com Propri\u00e9t\u00e9 intellectuelle L&#8217;ensemble des contenus pr\u00e9sents sur ce site (textes, images, \u0153uvres visuelles) sont la propri\u00e9t\u00e9 exclusive de Maison FOFIZ et de Wilfried Vincent. [&hellip;]<\/p>\n","protected":false},"author":3,"featured_media":0,"parent":0,"menu_order":0,"comment_status":"closed","ping_status":"closed","template":"","meta":{"footnotes":""},"class_list":["post-720","page","type-page","status-publish","hentry"],"_links":{"self":[{"href":"https:\/\/maisonfofiz.com\/en\/wp-json\/wp\/v2\/pages\/720","targetHints":{"allow":["GET"]}}],"collection":[{"href":"https:\/\/maisonfofiz.com\/en\/wp-json\/wp\/v2\/pages"}],"about":[{"href":"https:\/\/maisonfofiz.com\/en\/wp-json\/wp\/v2\/types\/page"}],"author":[{"embeddable":true,"href":"https:\/\/maisonfofiz.com\/en\/wp-json\/wp\/v2\/users\/3"}],"replies":[{"embeddable":true,"href":"https:\/\/maisonfofiz.com\/en\/wp-json\/wp\/v2\/comments?post=720"}],"version-history":[{"count":7,"href":"https:\/\/maisonfofiz.com\/en\/wp-json\/wp\/v2\/pages\/720\/revisions"}],"predecessor-version":[{"id":727,"href":"https:\/\/maisonfofiz.com\/en\/wp-json\/wp\/v2\/pages\/720\/revisions\/727"}],"wp:attachment":[{"href":"https:\/\/maisonfofiz.com\/en\/wp-json\/wp\/v2\/media?parent=720"}],"curies":[{"name":"wp","href":"https:\/\/api.w.org\/{rel}","templated":true}]}}