{"id":64,"date":"2026-03-15T11:52:45","date_gmt":"2026-03-15T11:52:45","guid":{"rendered":"http:\/\/jauqxpc.cluster100.hosting.ovh.net\/?page_id=64"},"modified":"2026-04-17T12:53:26","modified_gmt":"2026-04-17T11:53:26","slug":"la-confrerie-des-crocodiles","status":"publish","type":"page","link":"https:\/\/maisonfofiz.com\/en\/la-confrerie-des-crocodiles\/","title":{"rendered":"THE BROTHERHOOD OF THE CROCODILES"},"content":{"rendered":"<div data-elementor-type=\"wp-page\" data-elementor-id=\"64\" class=\"elementor elementor-64\">\n\t\t\t\t<div class=\"elementor-element elementor-element-2a3096d e-flex e-con-boxed e-con e-parent\" data-id=\"2a3096d\" data-element_type=\"container\" data-e-type=\"container\">\n\t\t\t\t\t<div class=\"e-con-inner\">\n\t\t\t\t<div class=\"elementor-element elementor-element-7824e5b popmake-2158 elementor-widget elementor-widget-image\" data-id=\"7824e5b\" data-element_type=\"widget\" data-e-type=\"widget\" data-widget_type=\"image.default\">\n\t\t\t\t\t\t\t\t\t\t\t\t\t\t\t<img fetchpriority=\"high\" decoding=\"async\" width=\"833\" height=\"833\" src=\"https:\/\/maisonfofiz.com\/wp-content\/uploads\/2026\/04\/La-confrerie-des-crocodiles-01-Rouge-jaune-bleu-vert-foncer.-.png\" class=\"attachment-large size-large wp-image-1265\" alt=\"La confr\u00e9rie des crocodiles 01 Rouge jaune bleu vert foncer.\u00a0\" srcset=\"https:\/\/maisonfofiz.com\/wp-content\/uploads\/2026\/04\/La-confrerie-des-crocodiles-01-Rouge-jaune-bleu-vert-foncer.-.png 833w, https:\/\/maisonfofiz.com\/wp-content\/uploads\/2026\/04\/La-confrerie-des-crocodiles-01-Rouge-jaune-bleu-vert-foncer.--300x300.png 300w, https:\/\/maisonfofiz.com\/wp-content\/uploads\/2026\/04\/La-confrerie-des-crocodiles-01-Rouge-jaune-bleu-vert-foncer.--150x150.png 150w, https:\/\/maisonfofiz.com\/wp-content\/uploads\/2026\/04\/La-confrerie-des-crocodiles-01-Rouge-jaune-bleu-vert-foncer.--768x768.png 768w, https:\/\/maisonfofiz.com\/wp-content\/uploads\/2026\/04\/La-confrerie-des-crocodiles-01-Rouge-jaune-bleu-vert-foncer.--600x600.png 600w, https:\/\/maisonfofiz.com\/wp-content\/uploads\/2026\/04\/La-confrerie-des-crocodiles-01-Rouge-jaune-bleu-vert-foncer.--100x100.png 100w\" sizes=\"(max-width: 833px) 100vw, 833px\" \/>\t\t\t\t\t\t\t\t\t\t\t\t\t\t\t<\/div>\n\t\t\t\t\t<\/div>\n\t\t\t\t<\/div>\n\t\t<div class=\"elementor-element elementor-element-0b214d9 e-flex e-con-boxed e-con e-parent\" data-id=\"0b214d9\" data-element_type=\"container\" data-e-type=\"container\">\n\t\t\t\t\t<div class=\"e-con-inner\">\n\t\t\t\t<div class=\"elementor-element elementor-element-7abc712 elementor-widget elementor-widget-text-editor\" data-id=\"7abc712\" data-element_type=\"widget\" data-e-type=\"widget\" data-widget_type=\"text-editor.default\">\n\t\t\t\t\t\t\t\t\t<p>La confr\u00e9rie des crocodiles 01 Rouge jaune bleu vert foncer.\u00a0<\/p><p>Cr\u00e9ation num\u00e9rique originale \u2014 Format variable<\/p><p>Disponible en impression fine art,<\/p><p>\u00a9 Blakfofiz, 2025<\/p>\t\t\t\t\t\t\t\t<\/div>\n\t\t\t\t\t<\/div>\n\t\t\t\t<\/div>\n\t\t<div class=\"elementor-element elementor-element-7292fab e-flex e-con-boxed e-con e-parent\" data-id=\"7292fab\" data-element_type=\"container\" data-e-type=\"container\">\n\t\t\t\t\t<div class=\"e-con-inner\">\n\t\t\t\t<div class=\"elementor-element elementor-element-3f04305 elementor-widget elementor-widget-text-editor\" data-id=\"3f04305\" data-element_type=\"widget\" data-e-type=\"widget\" data-widget_type=\"text-editor.default\">\n\t\t\t\t\t\t\t\t\t<p><strong>La Confr\u00e9rie des Crocodiles \u2014 Symbole vivant de l\u2019Ubuntu<\/strong><\/p><p>Cr\u00e9\u00e9es de A \u00e0 Z sur Photoshop (sans IA), les \u0153uvres de la Confr\u00e9rie des Crocodiles sont disponibles en :<\/p><ul><li><strong>Fine Art Print<\/strong><\/li><li><strong>Peinture \u00e0 la main<\/strong> (huile ou acrylique)<\/li><\/ul><p>Pas de sculptures pour cette s\u00e9rie. Les fichiers num\u00e9riques ne sont pas vendus.<\/p><p><strong>Un symbole du temps long<\/strong><\/p><p>Le crocodile appartient \u00e0 une \u00e8re si ancienne que l\u2019on ignore si l\u2019homme marchait d\u00e9j\u00e0 lorsqu\u2019il r\u00e9gnait sur les eaux.<\/p><p>Il a travers\u00e9 :<\/p><ul><li>les \u00e2ges<\/li><li>les bouleversements<\/li><li>les extinctions<\/li><\/ul><p>S\u2019il est encore l\u00e0, c\u2019est parce qu\u2019il a su se prot\u00e9ger, prot\u00e9ger les siens, r\u00e9sister sans perdre sa nature.<\/p><p><strong>Une organisation circulaire<\/strong><\/p><p>Dans \u00c0\u1e62\u1eb8KEMET, la Confr\u00e9rie n\u2019est pas un ordre guerrier. C\u2019est une <strong>famille strat\u00e9gique<\/strong>, un peuple organis\u00e9, une force collective.<\/p><p>On voit les petits avancer aux c\u00f4t\u00e9s des grands. Aucune rupture. Aucune s\u00e9paration.<\/p><p>Ils progressent ensemble, dans la m\u00eame direction.<\/p><p><strong>Les valeurs de la Confr\u00e9rie<\/strong><\/p><table width=\"573\"><thead><tr><td width=\"143\"><p><strong>Principe<\/strong><\/p><\/td><td width=\"430\"><p><strong>Meaning<\/strong><\/p><\/td><\/tr><\/thead><tbody><tr><td width=\"143\"><p><strong>Cohesion<\/strong><\/p><\/td><td width=\"430\"><p>L\u2019unit\u00e9 fait la force, sans \u00e9craser l\u2019individu<\/p><\/td><\/tr><tr><td width=\"143\"><p><strong>Mutual aid<\/strong><\/p><\/td><td width=\"430\"><p>La survie de chacun d\u00e9pend de la solidarit\u00e9 de tous<\/p><\/td><\/tr><tr><td width=\"143\"><p><strong>Strategic patience<\/strong><\/p><\/td><td width=\"430\"><p>Attendre le moment juste, comme le crocodile dans l\u2019eau<\/p><\/td><\/tr><tr><td width=\"143\"><p><strong>Transmission<\/strong><\/p><\/td><td width=\"430\"><p>Les anciens prot\u00e8gent les jeunes, les jeunes perp\u00e9tuent la m\u00e9moire<\/p><\/td><\/tr><\/tbody><\/table><p><strong>Une philosophie incarn\u00e9e<\/strong><\/p><p>La Confr\u00e9rie des Crocodiles prouve que \u00ab Je suis parce que nous sommes \u00bb n\u2019est pas une abstraction. C\u2019est une <strong>organisation concr\u00e8te du monde<\/strong>.<\/p><p>La puissance ne se mesure pas \u00e0 sa capacit\u00e9 \u00e0 dominer, mais \u00e0 sa capacit\u00e9 \u00e0 <strong>faire cercle<\/strong>.<\/p>\t\t\t\t\t\t\t\t<\/div>\n\t\t\t\t\t<\/div>\n\t\t\t\t<\/div>\n\t\t<div class=\"elementor-element elementor-element-cbc0cb0 e-flex e-con-boxed e-con e-parent\" data-id=\"cbc0cb0\" data-element_type=\"container\" data-e-type=\"container\">\n\t\t\t\t\t<div class=\"e-con-inner\">\n\t\t\t\t<div class=\"elementor-element elementor-element-1836494 elementor-widget elementor-widget-image\" data-id=\"1836494\" data-element_type=\"widget\" data-e-type=\"widget\" data-widget_type=\"image.default\">\n\t\t\t\t\t\t\t\t\t\t\t\t\t\t\t<img decoding=\"async\" width=\"987\" height=\"885\" src=\"https:\/\/maisonfofiz.com\/wp-content\/uploads\/2026\/03\/Guerrier-BLAK-KORO-KE\u0300SIN-GBO\u0300NA-et-la-Confrerie-des-Crocodies-Maison-FOFIZ-A\u1e62EKEMET.png\" class=\"attachment-large size-large wp-image-1196\" alt=\"Guerrier BLAK K\u00d4R\u00d2 &amp; K\u1eb8\u0300S\u00cdN-GB\u00d3\u0300N\u00c1 et la Confr\u00e9rie des Crocodiles Maison FOFIZ \u00c0\u1e62\u1eb8KEMET\" srcset=\"https:\/\/maisonfofiz.com\/wp-content\/uploads\/2026\/03\/Guerrier-BLAK-KORO-KE\u0300SIN-GBO\u0300NA-et-la-Confrerie-des-Crocodies-Maison-FOFIZ-A\u1e62EKEMET.png 987w, https:\/\/maisonfofiz.com\/wp-content\/uploads\/2026\/03\/Guerrier-BLAK-KORO-KE\u0300SIN-GBO\u0300NA-et-la-Confrerie-des-Crocodies-Maison-FOFIZ-A\u1e62EKEMET-300x269.png 300w, https:\/\/maisonfofiz.com\/wp-content\/uploads\/2026\/03\/Guerrier-BLAK-KORO-KE\u0300SIN-GBO\u0300NA-et-la-Confrerie-des-Crocodies-Maison-FOFIZ-A\u1e62EKEMET-768x689.png 768w, https:\/\/maisonfofiz.com\/wp-content\/uploads\/2026\/03\/Guerrier-BLAK-KORO-KE\u0300SIN-GBO\u0300NA-et-la-Confrerie-des-Crocodies-Maison-FOFIZ-A\u1e62EKEMET-600x538.png 600w\" sizes=\"(max-width: 987px) 100vw, 987px\" \/>\t\t\t\t\t\t\t\t\t\t\t\t\t\t\t<\/div>\n\t\t\t\t\t<\/div>\n\t\t\t\t<\/div>\n\t\t<div class=\"elementor-element elementor-element-91acfff e-flex e-con-boxed e-con e-parent\" data-id=\"91acfff\" data-element_type=\"container\" data-e-type=\"container\">\n\t\t\t\t\t<div class=\"e-con-inner\">\n\t\t\t\t<div class=\"elementor-element elementor-element-a797a3e elementor-widget elementor-widget-text-editor\" data-id=\"a797a3e\" data-element_type=\"widget\" data-e-type=\"widget\" data-widget_type=\"text-editor.default\">\n\t\t\t\t\t\t\t\t\t<p>Cr\u00e9ation num\u00e9rique originale \u2014 mise en situation virtuelle<\/p>\t\t\t\t\t\t\t\t<\/div>\n\t\t\t\t\t<\/div>\n\t\t\t\t<\/div>\n\t\t<div class=\"elementor-element elementor-element-d1ee051 e-flex e-con-boxed e-con e-parent\" data-id=\"d1ee051\" data-element_type=\"container\" data-e-type=\"container\">\n\t\t\t\t\t<div class=\"e-con-inner\">\n\t\t\t\t<div class=\"elementor-element elementor-element-87903a7 elementor-align-center elementor-widget elementor-widget-button\" data-id=\"87903a7\" data-element_type=\"widget\" data-e-type=\"widget\" data-widget_type=\"button.default\">\n\t\t\t\t\t\t\t\t\t\t<a class=\"elementor-button elementor-button-link elementor-size-sm\" href=\"https:\/\/maisonfofiz.com\/en\/collections\/\">\n\t\t\t\t\t\t<span class=\"elementor-button-content-wrapper\">\n\t\t\t\t\t\t\t\t\t<span class=\"elementor-button-text\">Les collections<\/span>\n\t\t\t\t\t<\/span>\n\t\t\t\t\t<\/a>\n\t\t\t\t\t\t\t\t<\/div>\n\t\t\t\t\t<\/div>\n\t\t\t\t<\/div>\n\t\t\t\t<\/div>","protected":false},"excerpt":{"rendered":"<p>La confr\u00e9rie des crocodiles 01 Rouge jaune bleu vert foncer.\u00a0 Cr\u00e9ation num\u00e9rique originale \u2014 Format variable Disponible en impression fine art, \u00a9 Blakfofiz, 2025 La Confr\u00e9rie des Crocodiles \u2014 Symbole vivant de l\u2019Ubuntu Cr\u00e9\u00e9es de A \u00e0 Z sur Photoshop (sans IA), les \u0153uvres de la Confr\u00e9rie des Crocodiles sont disponibles en : Impression Fine [&hellip;]<\/p>\n","protected":false},"author":3,"featured_media":0,"parent":0,"menu_order":0,"comment_status":"closed","ping_status":"closed","template":"","meta":{"footnotes":""},"class_list":["post-64","page","type-page","status-publish","hentry"],"_links":{"self":[{"href":"https:\/\/maisonfofiz.com\/en\/wp-json\/wp\/v2\/pages\/64","targetHints":{"allow":["GET"]}}],"collection":[{"href":"https:\/\/maisonfofiz.com\/en\/wp-json\/wp\/v2\/pages"}],"about":[{"href":"https:\/\/maisonfofiz.com\/en\/wp-json\/wp\/v2\/types\/page"}],"author":[{"embeddable":true,"href":"https:\/\/maisonfofiz.com\/en\/wp-json\/wp\/v2\/users\/3"}],"replies":[{"embeddable":true,"href":"https:\/\/maisonfofiz.com\/en\/wp-json\/wp\/v2\/comments?post=64"}],"version-history":[{"count":53,"href":"https:\/\/maisonfofiz.com\/en\/wp-json\/wp\/v2\/pages\/64\/revisions"}],"predecessor-version":[{"id":2174,"href":"https:\/\/maisonfofiz.com\/en\/wp-json\/wp\/v2\/pages\/64\/revisions\/2174"}],"wp:attachment":[{"href":"https:\/\/maisonfofiz.com\/en\/wp-json\/wp\/v2\/media?parent=64"}],"curies":[{"name":"wp","href":"https:\/\/api.w.org\/{rel}","templated":true}]}}