{"id":528,"date":"2026-03-22T13:10:03","date_gmt":"2026-03-22T12:10:03","guid":{"rendered":"https:\/\/maisonfofiz.com\/?page_id=528"},"modified":"2026-04-25T21:48:22","modified_gmt":"2026-04-25T20:48:22","slug":"blakfofiz","status":"publish","type":"page","link":"https:\/\/maisonfofiz.com\/en\/blakfofiz\/","title":{"rendered":"BLAKFOFIZ \u2014 BIOGRAPHY"},"content":{"rendered":"<div data-elementor-type=\"wp-page\" data-elementor-id=\"528\" class=\"elementor elementor-528\">\n\t\t\t\t<div class=\"elementor-element elementor-element-26a6b82 e-flex e-con-boxed e-con e-parent\" data-id=\"26a6b82\" data-element_type=\"container\" data-e-type=\"container\">\n\t\t\t\t\t<div class=\"e-con-inner\">\n\t\t\t\t<div class=\"elementor-element elementor-element-43b4612 elementor-widget elementor-widget-image\" data-id=\"43b4612\" data-element_type=\"widget\" data-e-type=\"widget\" data-widget_type=\"image.default\">\n\t\t\t\t\t\t\t\t\t\t\t\t\t\t\t<img fetchpriority=\"high\" decoding=\"async\" width=\"1024\" height=\"426\" src=\"https:\/\/maisonfofiz.com\/wp-content\/uploads\/2026\/03\/02-Reperes-de-creation-dans-le-developpement-de-lunivers-Blakfofiz-1994-a-2026-Maison-FOFIZ-Blakfofiz-1024x426.png\" class=\"attachment-large size-large wp-image-601\" alt=\"Reperes-de-creation-dans-le-developpement-de-lunivers-Blakfofiz-1994-a-2026-Maison-FOFIZ-Blakfofiz\" srcset=\"https:\/\/maisonfofiz.com\/wp-content\/uploads\/2026\/03\/02-Reperes-de-creation-dans-le-developpement-de-lunivers-Blakfofiz-1994-a-2026-Maison-FOFIZ-Blakfofiz-1024x426.png 1024w, https:\/\/maisonfofiz.com\/wp-content\/uploads\/2026\/03\/02-Reperes-de-creation-dans-le-developpement-de-lunivers-Blakfofiz-1994-a-2026-Maison-FOFIZ-Blakfofiz-300x125.png 300w, https:\/\/maisonfofiz.com\/wp-content\/uploads\/2026\/03\/02-Reperes-de-creation-dans-le-developpement-de-lunivers-Blakfofiz-1994-a-2026-Maison-FOFIZ-Blakfofiz-768x319.png 768w, https:\/\/maisonfofiz.com\/wp-content\/uploads\/2026\/03\/02-Reperes-de-creation-dans-le-developpement-de-lunivers-Blakfofiz-1994-a-2026-Maison-FOFIZ-Blakfofiz-1536x639.png 1536w, https:\/\/maisonfofiz.com\/wp-content\/uploads\/2026\/03\/02-Reperes-de-creation-dans-le-developpement-de-lunivers-Blakfofiz-1994-a-2026-Maison-FOFIZ-Blakfofiz-2048x852.png 2048w, https:\/\/maisonfofiz.com\/wp-content\/uploads\/2026\/03\/02-Reperes-de-creation-dans-le-developpement-de-lunivers-Blakfofiz-1994-a-2026-Maison-FOFIZ-Blakfofiz-600x250.png 600w\" sizes=\"(max-width: 1024px) 100vw, 1024px\" \/>\t\t\t\t\t\t\t\t\t\t\t\t\t\t\t<\/div>\n\t\t\t\t\t<\/div>\n\t\t\t\t<\/div>\n\t\t<div class=\"elementor-element elementor-element-cf233db e-flex e-con-boxed e-con e-parent\" data-id=\"cf233db\" data-element_type=\"container\" data-e-type=\"container\">\n\t\t\t\t\t<div class=\"e-con-inner\">\n\t\t\t\t<div class=\"elementor-element elementor-element-fec3284 elementor-widget elementor-widget-text-editor\" data-id=\"fec3284\" data-element_type=\"widget\" data-e-type=\"widget\" data-widget_type=\"text-editor.default\">\n\t\t\t\t\t\t\t\t\t<p data-start=\"486\" data-end=\"528\"><strong data-start=\"486\" data-end=\"526\">WILFRIED VINCENT AD\u00c9WAL\u00c9 \u2014 BLAKFOFIZ<\/strong><\/p><p data-start=\"530\" data-end=\"693\">Artiste plasticien afro contemporain franco b\u00e9ninois, issu d\u2019un p\u00e8re b\u00e9ninois et d\u2019une m\u00e8re bretonne. Fondateur de Maison FOFIZ \u2014 Cr\u00e9ateur d\u2019\u00c0\u1e62\u1eb8KEMET.<\/p><p data-start=\"695\" data-end=\"1084\">Blakfofiz d\u00e9veloppe une pratique \u00e0 la crois\u00e9e de l\u2019art, de la recherche et de la conscience. Nourri par les pens\u00e9es panafricaines contemporaines \u2014 notamment <span class=\"hover:entity-accent entity-underline inline cursor-pointer align-baseline\"><span class=\"whitespace-normal\">Amzat Boukari-Yabara<\/span><\/span>, <span class=\"hover:entity-accent entity-underline inline cursor-pointer align-baseline\"><span class=\"whitespace-normal\">Kalala Omotunde<\/span><\/span> And <span class=\"hover:entity-accent entity-underline inline cursor-pointer align-baseline\"><span class=\"whitespace-normal\">Th\u00e9ophile Obenga<\/span><\/span> \u2014 son travail interroge les r\u00e9cits dominants, les syst\u00e8mes de repr\u00e9sentation et la construction des imaginaires.<\/p><p data-start=\"1086\" data-end=\"1349\">\u00c0\u1e62\u1eb8KEMET \u2014 du yoruba \u00e0\u1e63\u1eb9 (pouvoir cr\u00e9ateur) et de Kemet (\u00ab terre noire \u00bb, nom ancien de l\u2019\u00c9gypte) \u2014 est un syst\u00e8me artistique o\u00f9 le geste de cr\u00e9ation devient un acte de transmission, reliant m\u00e9moire ancestrale, r\u00e9flexion intellectuelle et formes contemporaines.<\/p><p data-start=\"1351\" data-end=\"1537\">Son travail s\u2019inscrit dans une dynamique afro-futuriste : une relecture du pass\u00e9 et du pr\u00e9sent pour projeter de nouveaux futurs, \u00e0 travers des formes visuelles hybrides et symboliques.<\/p><p data-start=\"1539\" data-end=\"1570\"><strong data-start=\"1539\" data-end=\"1568\">Une pratique trans-m\u00e9dium<\/strong><\/p><p data-start=\"1572\" data-end=\"1785\">Blakfofiz creates:<br data-start=\"1588\" data-end=\"1591\" \/>\u2013 des \u0153uvres num\u00e9riques originales (Photoshop, sans IA g\u00e9n\u00e9rative)<br data-start=\"1657\" data-end=\"1660\" \/>\u2013 des peintures \u00e0 l\u2019huile et acrylique<br data-start=\"1698\" data-end=\"1701\" \/>\u2013 des sculptures en r\u00e9sine<br data-start=\"1727\" data-end=\"1730\" \/>\u2013 des mises en volume \u00e0 partir de peintures physiques<\/p><p data-start=\"1787\" data-end=\"1895\">Chaque \u0153uvre s\u2019inscrit dans une recherche globale, accompagn\u00e9e d\u2019un certificat d\u2019authenticit\u00e9.<\/p><p data-start=\"1897\" data-end=\"1940\"><strong data-start=\"1897\" data-end=\"1938\">Recherche &amp; construction d\u2019un univers<\/strong><\/p><p data-start=\"1942\" data-end=\"2240\">D\u00e9but 2026, il amorce une structuration approfondie de son univers en d\u00e9veloppant un ensemble de figures, de symboles et de concepts issus de ses recherches. Cet univers \u00e9volutif vise \u00e0 proposer une lecture accessible et sensible des enjeux historiques, culturels et philosophiques contemporains.<\/p><p data-start=\"2242\" data-end=\"2583\">Son travail se situe entre \u0153uvre plastique, r\u00e9flexion critique et attention port\u00e9e au vivant. Il explore la mani\u00e8re dont les perceptions du r\u00e9el peuvent \u00eatre construites, influenc\u00e9es ou transform\u00e9es \u2014 une d\u00e9marche qui fait \u00e9cho \u00e0 des concepts philosophiques anciens comme l\u2019all\u00e9gorie de la caverne de <span class=\"hover:entity-accent entity-underline inline cursor-pointer align-baseline\"><span class=\"whitespace-normal\">Platon<\/span><\/span>.<\/p><p data-start=\"2585\" data-end=\"2614\"><strong data-start=\"2585\" data-end=\"2612\">Residency &amp; Exhibitions<\/strong><\/p><p data-start=\"2616\" data-end=\"2806\">En 2024, il r\u00e9alise cinq peintures \u00e0 l\u2019huile grand format lors d\u2019une r\u00e9sidence \u00e0 la Maison des Cultures Sobo Bad\u00e8 (S\u00e9n\u00e9gal). Ces \u0153uvres sont expos\u00e9es au Niani Beach Dialaw (Toubab Dialaw).<\/p><p data-start=\"2808\" data-end=\"2835\"><strong data-start=\"2808\" data-end=\"2833\">A unique journey<\/strong><\/p><p data-start=\"2837\" data-end=\"3072\">Ancien athl\u00e8te de haut niveau, il transpose la rigueur sportive dans sa discipline artistique. Depuis 2021, et plus intens\u00e9ment depuis 2025, il construit une \u0153uvre coh\u00e9rente et en expansion, pens\u00e9e comme un syst\u00e8me artistique global.<\/p>\t\t\t\t\t\t\t\t<\/div>\n\t\t\t\t\t<\/div>\n\t\t\t\t<\/div>\n\t\t<div class=\"elementor-element elementor-element-7e7bead e-flex e-con-boxed e-con e-parent\" data-id=\"7e7bead\" data-element_type=\"container\" data-e-type=\"container\">\n\t\t\t\t\t<div class=\"e-con-inner\">\n\t\t\t\t<div class=\"elementor-element elementor-element-2a939b1 elementor-align-center elementor-widget elementor-widget-button\" data-id=\"2a939b1\" data-element_type=\"widget\" data-e-type=\"widget\" data-widget_type=\"button.default\">\n\t\t\t\t\t\t\t\t\t\t<a class=\"elementor-button elementor-button-link elementor-size-sm\" href=\"https:\/\/maisonfofiz.com\/en\/bio-blakfofiz\/\">\n\t\t\t\t\t\t<span class=\"elementor-button-content-wrapper\">\n\t\t\t\t\t\t\t\t\t<span class=\"elementor-button-text\">Read the full biography<\/span>\n\t\t\t\t\t<\/span>\n\t\t\t\t\t<\/a>\n\t\t\t\t\t\t\t\t<\/div>\n\t\t\t\t\t<\/div>\n\t\t\t\t<\/div>\n\t\t\t\t<\/div>","protected":false},"excerpt":{"rendered":"<p>WILFRIED VINCENT AD\u00c9WAL\u00c9 \u2014 BLAKFOFIZ Artiste plasticien afro contemporain franco b\u00e9ninois, issu d\u2019un p\u00e8re b\u00e9ninois et d\u2019une m\u00e8re bretonne. Fondateur de Maison FOFIZ \u2014 Cr\u00e9ateur d\u2019\u00c0\u1e62\u1eb8KEMET. Blakfofiz d\u00e9veloppe une pratique \u00e0 la crois\u00e9e de l\u2019art, de la recherche et de la conscience. Nourri par les pens\u00e9es panafricaines contemporaines \u2014 notamment Amzat Boukari-Yabara, Kalala Omotunde et [&hellip;]<\/p>\n","protected":false},"author":3,"featured_media":0,"parent":0,"menu_order":0,"comment_status":"closed","ping_status":"closed","template":"","meta":{"footnotes":""},"class_list":["post-528","page","type-page","status-publish","hentry"],"_links":{"self":[{"href":"https:\/\/maisonfofiz.com\/en\/wp-json\/wp\/v2\/pages\/528","targetHints":{"allow":["GET"]}}],"collection":[{"href":"https:\/\/maisonfofiz.com\/en\/wp-json\/wp\/v2\/pages"}],"about":[{"href":"https:\/\/maisonfofiz.com\/en\/wp-json\/wp\/v2\/types\/page"}],"author":[{"embeddable":true,"href":"https:\/\/maisonfofiz.com\/en\/wp-json\/wp\/v2\/users\/3"}],"replies":[{"embeddable":true,"href":"https:\/\/maisonfofiz.com\/en\/wp-json\/wp\/v2\/comments?post=528"}],"version-history":[{"count":55,"href":"https:\/\/maisonfofiz.com\/en\/wp-json\/wp\/v2\/pages\/528\/revisions"}],"predecessor-version":[{"id":2453,"href":"https:\/\/maisonfofiz.com\/en\/wp-json\/wp\/v2\/pages\/528\/revisions\/2453"}],"wp:attachment":[{"href":"https:\/\/maisonfofiz.com\/en\/wp-json\/wp\/v2\/media?parent=528"}],"curies":[{"name":"wp","href":"https:\/\/api.w.org\/{rel}","templated":true}]}}