{"id":1535,"date":"2026-04-04T14:54:24","date_gmt":"2026-04-04T13:54:24","guid":{"rendered":"https:\/\/maisonfofiz.com\/?page_id=1535"},"modified":"2026-04-16T15:25:14","modified_gmt":"2026-04-16T14:25:14","slug":"atelier","status":"publish","type":"page","link":"https:\/\/maisonfofiz.com\/en\/atelier\/","title":{"rendered":"WORKSHOP"},"content":{"rendered":"<div data-elementor-type=\"wp-page\" data-elementor-id=\"1535\" class=\"elementor elementor-1535\">\n\t\t\t\t<div class=\"elementor-element elementor-element-e59edaa e-flex e-con-boxed e-con e-parent\" data-id=\"e59edaa\" data-element_type=\"container\" data-e-type=\"container\">\n\t\t\t\t\t<div class=\"e-con-inner\">\n\t\t\t\t<div class=\"elementor-element elementor-element-6084ca0 elementor-widget elementor-widget-image\" data-id=\"6084ca0\" data-element_type=\"widget\" data-e-type=\"widget\" data-widget_type=\"image.default\">\n\t\t\t\t\t\t\t\t\t\t\t\t\t\t\t<img fetchpriority=\"high\" decoding=\"async\" width=\"950\" height=\"645\" src=\"https:\/\/maisonfofiz.com\/wp-content\/uploads\/2026\/04\/NOMADE-ARTISTE-AFROFUTURISME-BLAKFOFIZ.png\" class=\"attachment-large size-large wp-image-1541\" alt=\"NOMADE ARTISTE AFROFUTURISME BLAKFOFIZ\" srcset=\"https:\/\/maisonfofiz.com\/wp-content\/uploads\/2026\/04\/NOMADE-ARTISTE-AFROFUTURISME-BLAKFOFIZ.png 950w, https:\/\/maisonfofiz.com\/wp-content\/uploads\/2026\/04\/NOMADE-ARTISTE-AFROFUTURISME-BLAKFOFIZ-300x204.png 300w, https:\/\/maisonfofiz.com\/wp-content\/uploads\/2026\/04\/NOMADE-ARTISTE-AFROFUTURISME-BLAKFOFIZ-768x521.png 768w, https:\/\/maisonfofiz.com\/wp-content\/uploads\/2026\/04\/NOMADE-ARTISTE-AFROFUTURISME-BLAKFOFIZ-600x407.png 600w\" sizes=\"(max-width: 950px) 100vw, 950px\" \/>\t\t\t\t\t\t\t\t\t\t\t\t\t\t\t<\/div>\n\t\t\t\t\t<\/div>\n\t\t\t\t<\/div>\n\t\t<div class=\"elementor-element elementor-element-a609489 e-flex e-con-boxed e-con e-parent\" data-id=\"a609489\" data-element_type=\"container\" data-e-type=\"container\">\n\t\t\t\t\t<div class=\"e-con-inner\">\n\t\t\t\t<div class=\"elementor-element elementor-element-b7ae0a6 elementor-widget elementor-widget-heading\" data-id=\"b7ae0a6\" data-element_type=\"widget\" data-e-type=\"widget\" data-widget_type=\"heading.default\">\n\t\t\t\t\t<h2 class=\"elementor-heading-title elementor-size-default\">NOMADIC WORKSHOP <\/h2>\t\t\t\t<\/div>\n\t\t\t\t\t<\/div>\n\t\t\t\t<\/div>\n\t\t<div class=\"elementor-element elementor-element-d0632f2 e-flex e-con-boxed e-con e-parent\" data-id=\"d0632f2\" data-element_type=\"container\" data-e-type=\"container\">\n\t\t\t\t\t<div class=\"e-con-inner\">\n\t\t\t\t<div class=\"elementor-element elementor-element-9d14c94 elementor-widget elementor-widget-text-editor\" data-id=\"9d14c94\" data-element_type=\"widget\" data-e-type=\"widget\" data-widget_type=\"text-editor.default\">\n\t\t\t\t\t\t\t\t\t<p><strong><em>The creative space in motion<\/em><\/strong><\/p>\t\t\t\t\t\t\t\t<\/div>\n\t\t\t\t\t<\/div>\n\t\t\t\t<\/div>\n\t\t<div class=\"elementor-element elementor-element-2f29306 e-flex e-con-boxed e-con e-parent\" data-id=\"2f29306\" data-element_type=\"container\" data-e-type=\"container\">\n\t\t\t\t\t<div class=\"e-con-inner\">\n\t\t\t\t<div class=\"elementor-element elementor-element-f6ef2fe elementor-widget elementor-widget-text-editor\" data-id=\"f6ef2fe\" data-element_type=\"widget\" data-e-type=\"widget\" data-widget_type=\"text-editor.default\">\n\t\t\t\t\t\t\t\t\t<p><strong>Cr\u00e9er au diapason de l&#8217;Oc\u00e9an.<\/strong><\/p><p>Mon atelier n\u2019a pas de murs, il a un horizon infini. Si je voyage \u00e0 travers les for\u00eats et les montagnes, c\u2019est au bord de l\u2019eau que mon art trouve son v\u00e9ritable souffle. Pour moi, l\u2019oc\u00e9an n\u2019est pas une limite, c\u2019est le lien qui unit les mondes.<\/p><p>En vivant dans mon v\u00e9hicule am\u00e9nag\u00e9 sur les c\u00f4tes fran\u00e7aises ou en travaillant dans des studios en Afrique de l\u2019Ouest, je reste connect\u00e9 \u00e0 la m\u00eame immensit\u00e9. Le bruit des vagues, les nuances changeantes entre le bleu du ciel et celui de l\u2019eau sont mes outils de travail. Face \u00e0 la mer, je ne suis plus entre deux pays, je suis connect\u00e9 \u00e0 la plan\u00e8te enti\u00e8re. L\u2019oc\u00e9an relie les continents, et ma cr\u00e9ation s\u2019inscrit dans ce mouvement perp\u00e9tuel, l\u00e0 o\u00f9 la nature murmure ses plus beaux secrets.<\/p>\t\t\t\t\t\t\t\t<\/div>\n\t\t\t\t\t<\/div>\n\t\t\t\t<\/div>\n\t\t<div class=\"elementor-element elementor-element-217b9df e-flex e-con-boxed e-con e-parent\" data-id=\"217b9df\" data-element_type=\"container\" data-e-type=\"container\">\n\t\t\t\t\t<div class=\"e-con-inner\">\n\t\t\t\t<div class=\"elementor-element elementor-element-39b3171 elementor-widget elementor-widget-image\" data-id=\"39b3171\" data-element_type=\"widget\" data-e-type=\"widget\" data-widget_type=\"image.default\">\n\t\t\t\t\t\t\t\t\t\t\t\t\t\t\t<img decoding=\"async\" width=\"1024\" height=\"639\" src=\"https:\/\/maisonfofiz.com\/wp-content\/uploads\/2026\/04\/NOMADE-ARTISTE-AFROFUTURISME-BLAKFOFIZ.png-1024x639.jpg\" class=\"attachment-large size-large wp-image-1543\" alt=\"NOMADE ARTISTE AFROFUTURISME BLAKFOFIZ\" srcset=\"https:\/\/maisonfofiz.com\/wp-content\/uploads\/2026\/04\/NOMADE-ARTISTE-AFROFUTURISME-BLAKFOFIZ.png-1024x639.jpg 1024w, https:\/\/maisonfofiz.com\/wp-content\/uploads\/2026\/04\/NOMADE-ARTISTE-AFROFUTURISME-BLAKFOFIZ.png-300x187.jpg 300w, https:\/\/maisonfofiz.com\/wp-content\/uploads\/2026\/04\/NOMADE-ARTISTE-AFROFUTURISME-BLAKFOFIZ.png-768x479.jpg 768w, https:\/\/maisonfofiz.com\/wp-content\/uploads\/2026\/04\/NOMADE-ARTISTE-AFROFUTURISME-BLAKFOFIZ.png-600x374.jpg 600w, https:\/\/maisonfofiz.com\/wp-content\/uploads\/2026\/04\/NOMADE-ARTISTE-AFROFUTURISME-BLAKFOFIZ.png.jpg 1386w\" sizes=\"(max-width: 1024px) 100vw, 1024px\" \/>\t\t\t\t\t\t\t\t\t\t\t\t\t\t\t<\/div>\n\t\t\t\t\t<\/div>\n\t\t\t\t<\/div>\n\t\t<div class=\"elementor-element elementor-element-515ef40 e-flex e-con-boxed e-con e-parent\" data-id=\"515ef40\" data-element_type=\"container\" data-e-type=\"container\">\n\t\t\t\t\t<div class=\"e-con-inner\">\n\t\t\t\t<div class=\"elementor-element elementor-element-f33d8f9 elementor-widget elementor-widget-spacer\" data-id=\"f33d8f9\" data-element_type=\"widget\" data-e-type=\"widget\" data-widget_type=\"spacer.default\">\n\t\t\t\t\t\t\t<div class=\"elementor-spacer\">\n\t\t\t<div class=\"elementor-spacer-inner\"><\/div>\n\t\t<\/div>\n\t\t\t\t\t\t<\/div>\n\t\t\t\t\t<\/div>\n\t\t\t\t<\/div>\n\t\t<div class=\"elementor-element elementor-element-d643968 e-flex e-con-boxed e-con e-parent\" data-id=\"d643968\" data-element_type=\"container\" data-e-type=\"container\">\n\t\t\t\t\t<div class=\"e-con-inner\">\n\t\t\t\t<div class=\"elementor-element elementor-element-b09f2b0 elementor-widget elementor-widget-image\" data-id=\"b09f2b0\" data-element_type=\"widget\" data-e-type=\"widget\" data-widget_type=\"image.default\">\n\t\t\t\t\t\t\t\t\t\t\t\t\t\t\t<img decoding=\"async\" width=\"1024\" height=\"573\" src=\"https:\/\/maisonfofiz.com\/wp-content\/uploads\/2026\/04\/NOMADE-ATELIER-MOBILE-BLAKFOFIZ-1024x573.jpg\" class=\"attachment-large size-large wp-image-1592\" alt=\"NOMADE ATELIER MOBILE BLAKFOFIZ\" srcset=\"https:\/\/maisonfofiz.com\/wp-content\/uploads\/2026\/04\/NOMADE-ATELIER-MOBILE-BLAKFOFIZ-1024x573.jpg 1024w, https:\/\/maisonfofiz.com\/wp-content\/uploads\/2026\/04\/NOMADE-ATELIER-MOBILE-BLAKFOFIZ-300x168.jpg 300w, https:\/\/maisonfofiz.com\/wp-content\/uploads\/2026\/04\/NOMADE-ATELIER-MOBILE-BLAKFOFIZ-768x430.jpg 768w, https:\/\/maisonfofiz.com\/wp-content\/uploads\/2026\/04\/NOMADE-ATELIER-MOBILE-BLAKFOFIZ-1536x860.jpg 1536w, https:\/\/maisonfofiz.com\/wp-content\/uploads\/2026\/04\/NOMADE-ATELIER-MOBILE-BLAKFOFIZ-600x336.jpg 600w, https:\/\/maisonfofiz.com\/wp-content\/uploads\/2026\/04\/NOMADE-ATELIER-MOBILE-BLAKFOFIZ.jpg 1567w\" sizes=\"(max-width: 1024px) 100vw, 1024px\" \/>\t\t\t\t\t\t\t\t\t\t\t\t\t\t\t<\/div>\n\t\t\t\t\t<\/div>\n\t\t\t\t<\/div>\n\t\t<div class=\"elementor-element elementor-element-d830423 e-flex e-con-boxed e-con e-parent\" data-id=\"d830423\" data-element_type=\"container\" data-e-type=\"container\">\n\t\t\t\t\t<div class=\"e-con-inner\">\n\t\t\t\t<div class=\"elementor-element elementor-element-0d8da11 elementor-widget elementor-widget-spacer\" data-id=\"0d8da11\" data-element_type=\"widget\" data-e-type=\"widget\" data-widget_type=\"spacer.default\">\n\t\t\t\t\t\t\t<div class=\"elementor-spacer\">\n\t\t\t<div class=\"elementor-spacer-inner\"><\/div>\n\t\t<\/div>\n\t\t\t\t\t\t<\/div>\n\t\t\t\t\t<\/div>\n\t\t\t\t<\/div>\n\t\t<div class=\"elementor-element elementor-element-e4eec6f e-flex e-con-boxed e-con e-parent\" data-id=\"e4eec6f\" data-element_type=\"container\" data-e-type=\"container\">\n\t\t\t\t\t<div class=\"e-con-inner\">\n\t\t\t\t<div class=\"elementor-element elementor-element-c8758a6 elementor-widget elementor-widget-image\" data-id=\"c8758a6\" data-element_type=\"widget\" data-e-type=\"widget\" data-widget_type=\"image.default\">\n\t\t\t\t\t\t\t\t\t\t\t\t\t\t\t<img loading=\"lazy\" decoding=\"async\" width=\"1024\" height=\"475\" src=\"https:\/\/maisonfofiz.com\/wp-content\/uploads\/2026\/04\/NOMADE-UNIVERS-AFROFUTURISME-BLAKFOFIZ-ARTISTE-PLASTICIEN-1024x475.png\" class=\"attachment-large size-large wp-image-1544\" alt=\"NOMADE UNIVERS AFROFUTURISME BLAKFOFIZ ARTISTE PLASTICIEN\" srcset=\"https:\/\/maisonfofiz.com\/wp-content\/uploads\/2026\/04\/NOMADE-UNIVERS-AFROFUTURISME-BLAKFOFIZ-ARTISTE-PLASTICIEN-1024x475.png 1024w, https:\/\/maisonfofiz.com\/wp-content\/uploads\/2026\/04\/NOMADE-UNIVERS-AFROFUTURISME-BLAKFOFIZ-ARTISTE-PLASTICIEN-300x139.png 300w, https:\/\/maisonfofiz.com\/wp-content\/uploads\/2026\/04\/NOMADE-UNIVERS-AFROFUTURISME-BLAKFOFIZ-ARTISTE-PLASTICIEN-768x357.png 768w, https:\/\/maisonfofiz.com\/wp-content\/uploads\/2026\/04\/NOMADE-UNIVERS-AFROFUTURISME-BLAKFOFIZ-ARTISTE-PLASTICIEN-1536x713.png 1536w, https:\/\/maisonfofiz.com\/wp-content\/uploads\/2026\/04\/NOMADE-UNIVERS-AFROFUTURISME-BLAKFOFIZ-ARTISTE-PLASTICIEN-2048x951.png 2048w, https:\/\/maisonfofiz.com\/wp-content\/uploads\/2026\/04\/NOMADE-UNIVERS-AFROFUTURISME-BLAKFOFIZ-ARTISTE-PLASTICIEN-600x279.png 600w\" sizes=\"(max-width: 1024px) 100vw, 1024px\" \/>\t\t\t\t\t\t\t\t\t\t\t\t\t\t\t<\/div>\n\t\t\t\t\t<\/div>\n\t\t\t\t<\/div>\n\t\t<div class=\"elementor-element elementor-element-e730c1f e-flex e-con-boxed e-con e-parent\" data-id=\"e730c1f\" data-element_type=\"container\" data-e-type=\"container\">\n\t\t\t\t\t<div class=\"e-con-inner\">\n\t\t\t\t<div class=\"elementor-element elementor-element-056ecfd elementor-widget elementor-widget-spacer\" data-id=\"056ecfd\" data-element_type=\"widget\" data-e-type=\"widget\" data-widget_type=\"spacer.default\">\n\t\t\t\t\t\t\t<div class=\"elementor-spacer\">\n\t\t\t<div class=\"elementor-spacer-inner\"><\/div>\n\t\t<\/div>\n\t\t\t\t\t\t<\/div>\n\t\t\t\t\t<\/div>\n\t\t\t\t<\/div>\n\t\t<div class=\"elementor-element elementor-element-7d00bf7 e-flex e-con-boxed e-con e-parent\" data-id=\"7d00bf7\" data-element_type=\"container\" data-e-type=\"container\">\n\t\t\t\t\t<div class=\"e-con-inner\">\n\t\t\t\t<div class=\"elementor-element elementor-element-f6ba5ea elementor-widget elementor-widget-image\" data-id=\"f6ba5ea\" data-element_type=\"widget\" data-e-type=\"widget\" data-widget_type=\"image.default\">\n\t\t\t\t\t\t\t\t\t\t\t\t\t\t\t<img loading=\"lazy\" decoding=\"async\" width=\"1024\" height=\"580\" src=\"https:\/\/maisonfofiz.com\/wp-content\/uploads\/2026\/04\/NOMADE-ATELIER-MOBILE-BRETAGNE-BLAKFOFIZ-1024x580.jpg\" class=\"attachment-large size-large wp-image-1591\" alt=\"NOMADE ATELIER MOBILE BRETAGNE BLAKFOFIZ\" srcset=\"https:\/\/maisonfofiz.com\/wp-content\/uploads\/2026\/04\/NOMADE-ATELIER-MOBILE-BRETAGNE-BLAKFOFIZ-1024x580.jpg 1024w, https:\/\/maisonfofiz.com\/wp-content\/uploads\/2026\/04\/NOMADE-ATELIER-MOBILE-BRETAGNE-BLAKFOFIZ-300x170.jpg 300w, https:\/\/maisonfofiz.com\/wp-content\/uploads\/2026\/04\/NOMADE-ATELIER-MOBILE-BRETAGNE-BLAKFOFIZ-768x435.jpg 768w, https:\/\/maisonfofiz.com\/wp-content\/uploads\/2026\/04\/NOMADE-ATELIER-MOBILE-BRETAGNE-BLAKFOFIZ-1536x870.jpg 1536w, https:\/\/maisonfofiz.com\/wp-content\/uploads\/2026\/04\/NOMADE-ATELIER-MOBILE-BRETAGNE-BLAKFOFIZ-600x340.jpg 600w, https:\/\/maisonfofiz.com\/wp-content\/uploads\/2026\/04\/NOMADE-ATELIER-MOBILE-BRETAGNE-BLAKFOFIZ.jpg 1555w\" sizes=\"(max-width: 1024px) 100vw, 1024px\" \/>\t\t\t\t\t\t\t\t\t\t\t\t\t\t\t<\/div>\n\t\t\t\t\t<\/div>\n\t\t\t\t<\/div>\n\t\t<div class=\"elementor-element elementor-element-f5b2806 e-flex e-con-boxed e-con e-parent\" data-id=\"f5b2806\" data-element_type=\"container\" data-e-type=\"container\">\n\t\t\t\t\t<div class=\"e-con-inner\">\n\t\t\t\t<div class=\"elementor-element elementor-element-7b656c2 elementor-widget elementor-widget-spacer\" data-id=\"7b656c2\" data-element_type=\"widget\" data-e-type=\"widget\" data-widget_type=\"spacer.default\">\n\t\t\t\t\t\t\t<div class=\"elementor-spacer\">\n\t\t\t<div class=\"elementor-spacer-inner\"><\/div>\n\t\t<\/div>\n\t\t\t\t\t\t<\/div>\n\t\t\t\t\t<\/div>\n\t\t\t\t<\/div>\n\t\t<div class=\"elementor-element elementor-element-0144e86 e-flex e-con-boxed e-con e-parent\" data-id=\"0144e86\" data-element_type=\"container\" data-e-type=\"container\">\n\t\t\t\t\t<div class=\"e-con-inner\">\n\t\t\t\t<div class=\"elementor-element elementor-element-8d935db elementor-widget elementor-widget-image\" data-id=\"8d935db\" data-element_type=\"widget\" data-e-type=\"widget\" data-widget_type=\"image.default\">\n\t\t\t\t\t\t\t\t\t\t\t\t\t\t\t<img loading=\"lazy\" decoding=\"async\" width=\"1024\" height=\"685\" src=\"https:\/\/maisonfofiz.com\/wp-content\/uploads\/2026\/04\/NOMADE-UNIVERS-A\u1e62EKEMET-AFROFUTURISME-BLAKFOFIZ-ARTISTE-PLASTICIEN-1024x685.png\" class=\"attachment-large size-large wp-image-1545\" alt=\"NOMADE UNIVERS \u00c0\u1e62\u1eb8KEMET AFROFUTURISME BLAKFOFIZ ARTISTE PLASTICIEN\" srcset=\"https:\/\/maisonfofiz.com\/wp-content\/uploads\/2026\/04\/NOMADE-UNIVERS-A\u1e62EKEMET-AFROFUTURISME-BLAKFOFIZ-ARTISTE-PLASTICIEN-1024x685.png 1024w, https:\/\/maisonfofiz.com\/wp-content\/uploads\/2026\/04\/NOMADE-UNIVERS-A\u1e62EKEMET-AFROFUTURISME-BLAKFOFIZ-ARTISTE-PLASTICIEN-300x201.png 300w, https:\/\/maisonfofiz.com\/wp-content\/uploads\/2026\/04\/NOMADE-UNIVERS-A\u1e62EKEMET-AFROFUTURISME-BLAKFOFIZ-ARTISTE-PLASTICIEN-768x513.png 768w, https:\/\/maisonfofiz.com\/wp-content\/uploads\/2026\/04\/NOMADE-UNIVERS-A\u1e62EKEMET-AFROFUTURISME-BLAKFOFIZ-ARTISTE-PLASTICIEN-600x401.png 600w, https:\/\/maisonfofiz.com\/wp-content\/uploads\/2026\/04\/NOMADE-UNIVERS-A\u1e62EKEMET-AFROFUTURISME-BLAKFOFIZ-ARTISTE-PLASTICIEN.png 1424w\" sizes=\"(max-width: 1024px) 100vw, 1024px\" \/>\t\t\t\t\t\t\t\t\t\t\t\t\t\t\t<\/div>\n\t\t\t\t\t<\/div>\n\t\t\t\t<\/div>\n\t\t<div class=\"elementor-element elementor-element-e8fcbec e-flex e-con-boxed e-con e-parent\" data-id=\"e8fcbec\" data-element_type=\"container\" data-e-type=\"container\">\n\t\t\t\t\t<div class=\"e-con-inner\">\n\t\t\t\t<div class=\"elementor-element elementor-element-a8c34de elementor-widget elementor-widget-text-editor\" data-id=\"a8c34de\" data-element_type=\"widget\" data-e-type=\"widget\" data-widget_type=\"text-editor.default\">\n\t\t\t\t\t\t\t\t\t<p><strong>Each work begins as a digital painting. Then it becomes a painting, sculpture, or fine art. Movement fuels the vision. Nomadism nourishes creation.<\/strong><\/p>\t\t\t\t\t\t\t\t<\/div>\n\t\t\t\t\t<\/div>\n\t\t\t\t<\/div>\n\t\t\t\t<\/div>","protected":false},"excerpt":{"rendered":"<p>ATELIER NOMADE L\u2019espace de cr\u00e9ation en mouvement Cr\u00e9er au diapason de l&#8217;Oc\u00e9an. Mon atelier n\u2019a pas de murs, il a un horizon infini. Si je voyage \u00e0 travers les for\u00eats et les montagnes, c\u2019est au bord de l\u2019eau que mon art trouve son v\u00e9ritable souffle. Pour moi, l\u2019oc\u00e9an n\u2019est pas une limite, c\u2019est le lien [&hellip;]<\/p>\n","protected":false},"author":3,"featured_media":0,"parent":0,"menu_order":0,"comment_status":"closed","ping_status":"closed","template":"","meta":{"footnotes":""},"class_list":["post-1535","page","type-page","status-publish","hentry"],"_links":{"self":[{"href":"https:\/\/maisonfofiz.com\/en\/wp-json\/wp\/v2\/pages\/1535","targetHints":{"allow":["GET"]}}],"collection":[{"href":"https:\/\/maisonfofiz.com\/en\/wp-json\/wp\/v2\/pages"}],"about":[{"href":"https:\/\/maisonfofiz.com\/en\/wp-json\/wp\/v2\/types\/page"}],"author":[{"embeddable":true,"href":"https:\/\/maisonfofiz.com\/en\/wp-json\/wp\/v2\/users\/3"}],"replies":[{"embeddable":true,"href":"https:\/\/maisonfofiz.com\/en\/wp-json\/wp\/v2\/comments?post=1535"}],"version-history":[{"count":16,"href":"https:\/\/maisonfofiz.com\/en\/wp-json\/wp\/v2\/pages\/1535\/revisions"}],"predecessor-version":[{"id":2134,"href":"https:\/\/maisonfofiz.com\/en\/wp-json\/wp\/v2\/pages\/1535\/revisions\/2134"}],"wp:attachment":[{"href":"https:\/\/maisonfofiz.com\/en\/wp-json\/wp\/v2\/media?parent=1535"}],"curies":[{"name":"wp","href":"https:\/\/api.w.org\/{rel}","templated":true}]}}