{"id":1533,"date":"2026-04-04T14:53:43","date_gmt":"2026-04-04T13:53:43","guid":{"rendered":"https:\/\/maisonfofiz.com\/?page_id=1533"},"modified":"2026-04-06T18:51:01","modified_gmt":"2026-04-06T17:51:01","slug":"soulwear","status":"publish","type":"page","link":"https:\/\/maisonfofiz.com\/en\/soulwear\/","title":{"rendered":"Soulwear"},"content":{"rendered":"<div data-elementor-type=\"wp-page\" data-elementor-id=\"1533\" class=\"elementor elementor-1533\">\n\t\t\t\t<div class=\"elementor-element elementor-element-d826079 e-flex e-con-boxed e-con e-parent\" data-id=\"d826079\" data-element_type=\"container\" data-e-type=\"container\">\n\t\t\t\t\t<div class=\"e-con-inner\">\n\t\t\t\t<div class=\"elementor-element elementor-element-88e8ce1 elementor-widget elementor-widget-heading\" data-id=\"88e8ce1\" data-element_type=\"widget\" data-e-type=\"widget\" data-widget_type=\"heading.default\">\n\t\t\t\t\t<h2 class=\"elementor-heading-title elementor-size-default\">BLAKFOFIZ SOULWEAR \u2014 L\u2019atelier textile exp\u00e9rimental<\/h2>\t\t\t\t<\/div>\n\t\t\t\t\t<\/div>\n\t\t\t\t<\/div>\n\t\t<div class=\"elementor-element elementor-element-5739690 e-flex e-con-boxed e-con e-parent\" data-id=\"5739690\" data-element_type=\"container\" data-e-type=\"container\">\n\t\t\t\t\t<div class=\"e-con-inner\">\n\t\t\t\t<div class=\"elementor-element elementor-element-30595c8 elementor-widget elementor-widget-text-editor\" data-id=\"30595c8\" data-element_type=\"widget\" data-e-type=\"widget\" data-widget_type=\"text-editor.default\">\n\t\t\t\t\t\t\t\t\t<p>Soulwear est le laboratoire cr\u00e9atif de Blakfofiz. Un espace o\u00f9 les symboles, formes et figures d\u2019\u00c0\u1e62\u1eb8KEMET deviennent :<\/p><ul><li>pi\u00e8ces textiles<\/li><li>t-shirts<\/li><li>Fine Art Prints<\/li><li>paintings<\/li><li>sculptures (sur certaines cr\u00e9ations)<\/li><li>\u00e9ditions limit\u00e9es ou illimit\u00e9es<\/li><\/ul><p>Soulwear n\u2019est pas une ligne commerciale. C\u2019est un terrain d\u2019exp\u00e9rimentation artistique o\u00f9 chaque cr\u00e9ation explore une nouvelle mani\u00e8re de faire vivre le langage visuel Blakfofiz.<\/p><p>Certaines pi\u00e8ces sont uniques. Certaines sont en tirage limit\u00e9. Certaines sont diffus\u00e9es librement.<\/p><p>Soulwear est une extension libre, mobile et vivante de mon univers.<\/p>\t\t\t\t\t\t\t\t<\/div>\n\t\t\t\t\t<\/div>\n\t\t\t\t<\/div>\n\t\t<div class=\"elementor-element elementor-element-1858e52 e-flex e-con-boxed e-con e-parent\" data-id=\"1858e52\" data-element_type=\"container\" data-e-type=\"container\">\n\t\t\t\t\t<div class=\"e-con-inner\">\n\t\t\t\t<div class=\"elementor-element elementor-element-6cf5b39 elementor-widget elementor-widget-video\" data-id=\"6cf5b39\" data-element_type=\"widget\" data-e-type=\"widget\" data-settings=\"{&quot;youtube_url&quot;:&quot;https:\\\/\\\/youtu.be\\\/IR098VRpll8&quot;,&quot;video_type&quot;:&quot;youtube&quot;,&quot;controls&quot;:&quot;yes&quot;}\" data-widget_type=\"video.default\">\n\t\t\t\t\t\t\t<div class=\"elementor-wrapper elementor-open-inline\">\n\t\t\t<div class=\"elementor-video\"><\/div>\t\t<\/div>\n\t\t\t\t\t\t<\/div>\n\t\t\t\t\t<\/div>\n\t\t\t\t<\/div>\n\t\t<div class=\"elementor-element elementor-element-b0ff553 e-flex e-con-boxed e-con e-parent\" data-id=\"b0ff553\" data-element_type=\"container\" data-e-type=\"container\">\n\t\t\t\t\t<div class=\"e-con-inner\">\n\t\t\t\t<div class=\"elementor-element elementor-element-c65b594 elementor-widget elementor-widget-text-editor\" data-id=\"c65b594\" data-element_type=\"widget\" data-e-type=\"widget\" data-widget_type=\"text-editor.default\">\n\t\t\t\t\t\t\t\t\t<p>Cette cha\u00eene Blakfofiz Soulwear vous pr\u00e9sente quelques cr\u00e9ations issues de mon laboratoire textile et artistique. Soulwear est un espace d\u2019exp\u00e9rimentation o\u00f9 je d\u00e9veloppe des pi\u00e8ces uniques, des t-shirts, des impressions Fine Art, des peintures et parfois des sculptures.<\/p><p>Pour d\u00e9couvrir mon univers complet, mes \u0153uvres majeures et l\u2019ensemble de mon travail artistique, je vous invite \u00e0 suivre ma cha\u00eene principale : <strong>FOFIZ House\u00a0<\/strong>sur YouTube et Instagram\u00a0<\/p>\t\t\t\t\t\t\t\t<\/div>\n\t\t\t\t\t<\/div>\n\t\t\t\t<\/div>\n\t\t<div class=\"elementor-element elementor-element-f9cbba2 e-flex e-con-boxed e-con e-parent\" data-id=\"f9cbba2\" data-element_type=\"container\" data-e-type=\"container\">\n\t\t\t\t\t<div class=\"e-con-inner\">\n\t\t\t\t<div class=\"elementor-element elementor-element-df4078b elementor-widget-divider--view-line elementor-widget elementor-widget-divider\" data-id=\"df4078b\" data-element_type=\"widget\" data-e-type=\"widget\" data-widget_type=\"divider.default\">\n\t\t\t\t\t\t\t<div class=\"elementor-divider\">\n\t\t\t<span class=\"elementor-divider-separator\">\n\t\t\t\t\t\t<\/span>\n\t\t<\/div>\n\t\t\t\t\t\t<\/div>\n\t\t\t\t\t<\/div>\n\t\t\t\t<\/div>\n\t\t<div class=\"elementor-element elementor-element-a0406b2 e-flex e-con-boxed e-con e-parent\" data-id=\"a0406b2\" data-element_type=\"container\" data-e-type=\"container\">\n\t\t\t\t\t<div class=\"e-con-inner\">\n\t\t\t\t<div class=\"elementor-element elementor-element-4cbdd65 elementor-widget elementor-widget-image\" data-id=\"4cbdd65\" data-element_type=\"widget\" data-e-type=\"widget\" data-widget_type=\"image.default\">\n\t\t\t\t\t\t\t\t\t\t\t\t\t\t\t<img fetchpriority=\"high\" decoding=\"async\" width=\"1024\" height=\"993\" src=\"https:\/\/maisonfofiz.com\/wp-content\/uploads\/2026\/04\/Blakfofiz-soulwear-avatar-SEGBO-07.012026-12h19-1024x993.png\" class=\"attachment-large size-large wp-image-1608\" alt=\"Blakfofiz soulwear S\u00c8GBO \u00a9 Blakfofiz, 2026.\" srcset=\"https:\/\/maisonfofiz.com\/wp-content\/uploads\/2026\/04\/Blakfofiz-soulwear-avatar-SEGBO-07.012026-12h19-1024x993.png 1024w, https:\/\/maisonfofiz.com\/wp-content\/uploads\/2026\/04\/Blakfofiz-soulwear-avatar-SEGBO-07.012026-12h19-300x291.png 300w, https:\/\/maisonfofiz.com\/wp-content\/uploads\/2026\/04\/Blakfofiz-soulwear-avatar-SEGBO-07.012026-12h19-768x745.png 768w, https:\/\/maisonfofiz.com\/wp-content\/uploads\/2026\/04\/Blakfofiz-soulwear-avatar-SEGBO-07.012026-12h19-600x582.png 600w, https:\/\/maisonfofiz.com\/wp-content\/uploads\/2026\/04\/Blakfofiz-soulwear-avatar-SEGBO-07.012026-12h19.png 1300w\" sizes=\"(max-width: 1024px) 100vw, 1024px\" \/>\t\t\t\t\t\t\t\t\t\t\t\t\t\t\t<\/div>\n\t\t\t\t\t<\/div>\n\t\t\t\t<\/div>\n\t\t<div class=\"elementor-element elementor-element-41d8ff4 e-flex e-con-boxed e-con e-parent\" data-id=\"41d8ff4\" data-element_type=\"container\" data-e-type=\"container\">\n\t\t\t\t\t<div class=\"e-con-inner\">\n\t\t\t\t<div class=\"elementor-element elementor-element-1b29198 elementor-widget elementor-widget-heading\" data-id=\"1b29198\" data-element_type=\"widget\" data-e-type=\"widget\" data-widget_type=\"heading.default\">\n\t\t\t\t\t<h2 class=\"elementor-heading-title elementor-size-default\">S\u00c8GB\u00d2 \u2014 Passage conscient. Activation int\u00e9rieure.<\/h2>\t\t\t\t<\/div>\n\t\t\t\t\t<\/div>\n\t\t\t\t<\/div>\n\t\t<div class=\"elementor-element elementor-element-253e7f0 e-flex e-con-boxed e-con e-parent\" data-id=\"253e7f0\" data-element_type=\"container\" data-e-type=\"container\">\n\t\t\t\t\t<div class=\"e-con-inner\">\n\t\t\t\t<div class=\"elementor-element elementor-element-ca2da82 elementor-align-center popmake-1622 elementor-widget elementor-widget-button\" data-id=\"ca2da82\" data-element_type=\"widget\" data-e-type=\"widget\" data-widget_type=\"button.default\">\n\t\t\t\t\t\t\t\t\t\t<a class=\"elementor-button elementor-button-link elementor-size-sm\" href=\"#\">\n\t\t\t\t\t\t<span class=\"elementor-button-content-wrapper\">\n\t\t\t\t\t\t\t\t\t<span class=\"elementor-button-text\">\u2192 Lire la fonction<\/span>\n\t\t\t\t\t<\/span>\n\t\t\t\t\t<\/a>\n\t\t\t\t\t\t\t\t<\/div>\n\t\t\t\t\t<\/div>\n\t\t\t\t<\/div>\n\t\t<div class=\"elementor-element elementor-element-432b2e6 e-flex e-con-boxed e-con e-parent\" data-id=\"432b2e6\" data-element_type=\"container\" data-e-type=\"container\">\n\t\t\t\t\t<div class=\"e-con-inner\">\n\t\t\t\t<div class=\"elementor-element elementor-element-c45a5da elementor-align-center popmake-1643 elementor-widget elementor-widget-button\" data-id=\"c45a5da\" data-element_type=\"widget\" data-e-type=\"widget\" data-widget_type=\"button.default\">\n\t\t\t\t\t\t\t\t\t\t<a class=\"elementor-button elementor-button-link elementor-size-sm\" href=\"#\">\n\t\t\t\t\t\t<span class=\"elementor-button-content-wrapper\">\n\t\t\t\t\t\t\t\t\t<span class=\"elementor-button-text\">\u2192 Contactez l\u2019atelier<\/span>\n\t\t\t\t\t<\/span>\n\t\t\t\t\t<\/a>\n\t\t\t\t\t\t\t\t<\/div>\n\t\t\t\t\t<\/div>\n\t\t\t\t<\/div>\n\t\t<div class=\"elementor-element elementor-element-092f5a8 e-flex e-con-boxed e-con e-parent\" data-id=\"092f5a8\" data-element_type=\"container\" data-e-type=\"container\">\n\t\t\t\t\t<div class=\"e-con-inner\">\n\t\t\t\t<div class=\"elementor-element elementor-element-aad4b70 elementor-widget-divider--view-line elementor-widget elementor-widget-divider\" data-id=\"aad4b70\" data-element_type=\"widget\" data-e-type=\"widget\" data-widget_type=\"divider.default\">\n\t\t\t\t\t\t\t<div class=\"elementor-divider\">\n\t\t\t<span class=\"elementor-divider-separator\">\n\t\t\t\t\t\t<\/span>\n\t\t<\/div>\n\t\t\t\t\t\t<\/div>\n\t\t\t\t<div class=\"elementor-element elementor-element-bc87da8 elementor-widget elementor-widget-image\" data-id=\"bc87da8\" data-element_type=\"widget\" data-e-type=\"widget\" data-widget_type=\"image.default\">\n\t\t\t\t\t\t\t\t\t\t\t\t\t\t\t<img decoding=\"async\" width=\"1018\" height=\"1024\" src=\"https:\/\/maisonfofiz.com\/wp-content\/uploads\/2026\/04\/enfant-29.11.2025-15h30-FEMME-png-1018x1024.png\" class=\"attachment-large size-large wp-image-1628\" alt=\"FORCE \u00c9TERNELLE \u2014 Sagesse ancestrale \u00a9 Blakfofiz, 2026.\" srcset=\"https:\/\/maisonfofiz.com\/wp-content\/uploads\/2026\/04\/enfant-29.11.2025-15h30-FEMME-png-1018x1024.png 1018w, https:\/\/maisonfofiz.com\/wp-content\/uploads\/2026\/04\/enfant-29.11.2025-15h30-FEMME-png-298x300.png 298w, https:\/\/maisonfofiz.com\/wp-content\/uploads\/2026\/04\/enfant-29.11.2025-15h30-FEMME-png-150x150.png 150w, https:\/\/maisonfofiz.com\/wp-content\/uploads\/2026\/04\/enfant-29.11.2025-15h30-FEMME-png-768x772.png 768w, https:\/\/maisonfofiz.com\/wp-content\/uploads\/2026\/04\/enfant-29.11.2025-15h30-FEMME-png-600x603.png 600w, https:\/\/maisonfofiz.com\/wp-content\/uploads\/2026\/04\/enfant-29.11.2025-15h30-FEMME-png-100x100.png 100w, https:\/\/maisonfofiz.com\/wp-content\/uploads\/2026\/04\/enfant-29.11.2025-15h30-FEMME-png.png 1480w\" sizes=\"(max-width: 1018px) 100vw, 1018px\" \/>\t\t\t\t\t\t\t\t\t\t\t\t\t\t\t<\/div>\n\t\t\t\t\t<\/div>\n\t\t\t\t<\/div>\n\t\t<div class=\"elementor-element elementor-element-41f2197 e-flex e-con-boxed e-con e-parent\" data-id=\"41f2197\" data-element_type=\"container\" data-e-type=\"container\">\n\t\t\t\t\t<div class=\"e-con-inner\">\n\t\t\t\t<div class=\"elementor-element elementor-element-6e2424b elementor-widget elementor-widget-heading\" data-id=\"6e2424b\" data-element_type=\"widget\" data-e-type=\"widget\" data-widget_type=\"heading.default\">\n\t\t\t\t\t<h2 class=\"elementor-heading-title elementor-size-default\">FORCE \u00c9TERNELLE \u2014 Protection par continuit\u00e9. M\u00e9moire active.<\/h2>\t\t\t\t<\/div>\n\t\t\t\t\t<\/div>\n\t\t\t\t<\/div>\n\t\t<div class=\"elementor-element elementor-element-68828ff e-flex e-con-boxed e-con e-parent\" data-id=\"68828ff\" data-element_type=\"container\" data-e-type=\"container\">\n\t\t\t\t\t<div class=\"e-con-inner\">\n\t\t\t\t<div class=\"elementor-element elementor-element-4d2b523 elementor-align-center popmake-1630 elementor-widget elementor-widget-button\" data-id=\"4d2b523\" data-element_type=\"widget\" data-e-type=\"widget\" data-widget_type=\"button.default\">\n\t\t\t\t\t\t\t\t\t\t<a class=\"elementor-button elementor-button-link elementor-size-sm\" href=\"#\">\n\t\t\t\t\t\t<span class=\"elementor-button-content-wrapper\">\n\t\t\t\t\t\t\t\t\t<span class=\"elementor-button-text\">\u2192 Lire la fonction<\/span>\n\t\t\t\t\t<\/span>\n\t\t\t\t\t<\/a>\n\t\t\t\t\t\t\t\t<\/div>\n\t\t\t\t\t<\/div>\n\t\t\t\t<\/div>\n\t\t<div class=\"elementor-element elementor-element-f37c922 e-flex e-con-boxed e-con e-parent\" data-id=\"f37c922\" data-element_type=\"container\" data-e-type=\"container\">\n\t\t\t\t\t<div class=\"e-con-inner\">\n\t\t\t\t<div class=\"elementor-element elementor-element-8ae5e3c elementor-align-center popmake-1643 elementor-widget elementor-widget-button\" data-id=\"8ae5e3c\" data-element_type=\"widget\" data-e-type=\"widget\" data-widget_type=\"button.default\">\n\t\t\t\t\t\t\t\t\t\t<a class=\"elementor-button elementor-button-link elementor-size-sm\" href=\"#\">\n\t\t\t\t\t\t<span class=\"elementor-button-content-wrapper\">\n\t\t\t\t\t\t\t\t\t<span class=\"elementor-button-text\">\u2192 Contactez l\u2019atelier<\/span>\n\t\t\t\t\t<\/span>\n\t\t\t\t\t<\/a>\n\t\t\t\t\t\t\t\t<\/div>\n\t\t\t\t\t<\/div>\n\t\t\t\t<\/div>\n\t\t<div class=\"elementor-element elementor-element-ef40d3f e-flex e-con-boxed e-con e-parent\" data-id=\"ef40d3f\" data-element_type=\"container\" data-e-type=\"container\">\n\t\t\t\t\t<div class=\"e-con-inner\">\n\t\t\t\t<div class=\"elementor-element elementor-element-fb69b5e elementor-widget-divider--view-line elementor-widget elementor-widget-divider\" data-id=\"fb69b5e\" data-element_type=\"widget\" data-e-type=\"widget\" data-widget_type=\"divider.default\">\n\t\t\t\t\t\t\t<div class=\"elementor-divider\">\n\t\t\t<span class=\"elementor-divider-separator\">\n\t\t\t\t\t\t<\/span>\n\t\t<\/div>\n\t\t\t\t\t\t<\/div>\n\t\t\t\t<div class=\"elementor-element elementor-element-332bc8b elementor-widget elementor-widget-image\" data-id=\"332bc8b\" data-element_type=\"widget\" data-e-type=\"widget\" data-widget_type=\"image.default\">\n\t\t\t\t\t\t\t\t\t\t\t\t\t\t\t<img decoding=\"async\" width=\"1024\" height=\"1024\" src=\"https:\/\/maisonfofiz.com\/wp-content\/uploads\/2026\/04\/QUEEN-BZ-03-visage-noire-et-rouge-27.11.2025-00h27-PNG-2-1024x1024.png\" class=\"attachment-large size-large wp-image-1632\" alt=\"QUEEN \u2014 Souverainet\u00e9 int\u00e9rieure. Pr\u00e9sence affirm\u00e9e. \u00a9 Blakfofiz, 2026.\" srcset=\"https:\/\/maisonfofiz.com\/wp-content\/uploads\/2026\/04\/QUEEN-BZ-03-visage-noire-et-rouge-27.11.2025-00h27-PNG-2-1024x1024.png 1024w, https:\/\/maisonfofiz.com\/wp-content\/uploads\/2026\/04\/QUEEN-BZ-03-visage-noire-et-rouge-27.11.2025-00h27-PNG-2-300x300.png 300w, https:\/\/maisonfofiz.com\/wp-content\/uploads\/2026\/04\/QUEEN-BZ-03-visage-noire-et-rouge-27.11.2025-00h27-PNG-2-150x150.png 150w, https:\/\/maisonfofiz.com\/wp-content\/uploads\/2026\/04\/QUEEN-BZ-03-visage-noire-et-rouge-27.11.2025-00h27-PNG-2-768x768.png 768w, https:\/\/maisonfofiz.com\/wp-content\/uploads\/2026\/04\/QUEEN-BZ-03-visage-noire-et-rouge-27.11.2025-00h27-PNG-2-1536x1536.png 1536w, https:\/\/maisonfofiz.com\/wp-content\/uploads\/2026\/04\/QUEEN-BZ-03-visage-noire-et-rouge-27.11.2025-00h27-PNG-2-600x600.png 600w, https:\/\/maisonfofiz.com\/wp-content\/uploads\/2026\/04\/QUEEN-BZ-03-visage-noire-et-rouge-27.11.2025-00h27-PNG-2-100x100.png 100w, https:\/\/maisonfofiz.com\/wp-content\/uploads\/2026\/04\/QUEEN-BZ-03-visage-noire-et-rouge-27.11.2025-00h27-PNG-2.png 1541w\" sizes=\"(max-width: 1024px) 100vw, 1024px\" \/>\t\t\t\t\t\t\t\t\t\t\t\t\t\t\t<\/div>\n\t\t\t\t\t<\/div>\n\t\t\t\t<\/div>\n\t\t<div class=\"elementor-element elementor-element-7ee1966 e-flex e-con-boxed e-con e-parent\" data-id=\"7ee1966\" data-element_type=\"container\" data-e-type=\"container\">\n\t\t\t\t\t<div class=\"e-con-inner\">\n\t\t\t\t<div class=\"elementor-element elementor-element-61ced73 elementor-widget elementor-widget-heading\" data-id=\"61ced73\" data-element_type=\"widget\" data-e-type=\"widget\" data-widget_type=\"heading.default\">\n\t\t\t\t\t<h2 class=\"elementor-heading-title elementor-size-default\">QUEEN \u2014 Souverainet\u00e9 int\u00e9rieure. Pr\u00e9sence affirm\u00e9e.<\/h2>\t\t\t\t<\/div>\n\t\t\t\t<div class=\"elementor-element elementor-element-040a445 elementor-align-center popmake-1633 elementor-widget elementor-widget-button\" data-id=\"040a445\" data-element_type=\"widget\" data-e-type=\"widget\" data-widget_type=\"button.default\">\n\t\t\t\t\t\t\t\t\t\t<a class=\"elementor-button elementor-button-link elementor-size-sm\" href=\"#\">\n\t\t\t\t\t\t<span class=\"elementor-button-content-wrapper\">\n\t\t\t\t\t\t\t\t\t<span class=\"elementor-button-text\">\u2192 Lire la fonction<\/span>\n\t\t\t\t\t<\/span>\n\t\t\t\t\t<\/a>\n\t\t\t\t\t\t\t\t<\/div>\n\t\t\t\t\t<\/div>\n\t\t\t\t<\/div>\n\t\t<div class=\"elementor-element elementor-element-9afdac2 e-flex e-con-boxed e-con e-parent\" data-id=\"9afdac2\" data-element_type=\"container\" data-e-type=\"container\">\n\t\t\t\t\t<div class=\"e-con-inner\">\n\t\t\t\t<div class=\"elementor-element elementor-element-5b56459 elementor-align-center popmake-1643 elementor-widget elementor-widget-button\" data-id=\"5b56459\" data-element_type=\"widget\" data-e-type=\"widget\" data-widget_type=\"button.default\">\n\t\t\t\t\t\t\t\t\t\t<a class=\"elementor-button elementor-button-link elementor-size-sm\" href=\"#\">\n\t\t\t\t\t\t<span class=\"elementor-button-content-wrapper\">\n\t\t\t\t\t\t\t\t\t<span class=\"elementor-button-text\">\u2192 Contactez l\u2019atelier<\/span>\n\t\t\t\t\t<\/span>\n\t\t\t\t\t<\/a>\n\t\t\t\t\t\t\t\t<\/div>\n\t\t\t\t\t<\/div>\n\t\t\t\t<\/div>\n\t\t\t\t<\/div>","protected":false},"excerpt":{"rendered":"<p>BLAKFOFIZ SOULWEAR \u2014 L\u2019atelier textile exp\u00e9rimental Soulwear est le laboratoire cr\u00e9atif de Blakfofiz. Un espace o\u00f9 les symboles, formes et figures d\u2019\u00c0\u1e62\u1eb8KEMET deviennent : pi\u00e8ces textiles t-shirts impressions Fine Art peintures sculptures (sur certaines cr\u00e9ations) \u00e9ditions limit\u00e9es ou illimit\u00e9es Soulwear n\u2019est pas une ligne commerciale. C\u2019est un terrain d\u2019exp\u00e9rimentation artistique o\u00f9 chaque cr\u00e9ation explore une [&hellip;]<\/p>\n","protected":false},"author":3,"featured_media":0,"parent":0,"menu_order":0,"comment_status":"closed","ping_status":"closed","template":"","meta":{"footnotes":""},"class_list":["post-1533","page","type-page","status-publish","hentry"],"_links":{"self":[{"href":"https:\/\/maisonfofiz.com\/en\/wp-json\/wp\/v2\/pages\/1533","targetHints":{"allow":["GET"]}}],"collection":[{"href":"https:\/\/maisonfofiz.com\/en\/wp-json\/wp\/v2\/pages"}],"about":[{"href":"https:\/\/maisonfofiz.com\/en\/wp-json\/wp\/v2\/types\/page"}],"author":[{"embeddable":true,"href":"https:\/\/maisonfofiz.com\/en\/wp-json\/wp\/v2\/users\/3"}],"replies":[{"embeddable":true,"href":"https:\/\/maisonfofiz.com\/en\/wp-json\/wp\/v2\/comments?post=1533"}],"version-history":[{"count":46,"href":"https:\/\/maisonfofiz.com\/en\/wp-json\/wp\/v2\/pages\/1533\/revisions"}],"predecessor-version":[{"id":1801,"href":"https:\/\/maisonfofiz.com\/en\/wp-json\/wp\/v2\/pages\/1533\/revisions\/1801"}],"wp:attachment":[{"href":"https:\/\/maisonfofiz.com\/en\/wp-json\/wp\/v2\/media?parent=1533"}],"curies":[{"name":"wp","href":"https:\/\/api.w.org\/{rel}","templated":true}]}}