{"id":1529,"date":"2026-04-04T14:50:29","date_gmt":"2026-04-04T13:50:29","guid":{"rendered":"https:\/\/maisonfofiz.com\/?page_id=1529"},"modified":"2026-04-08T13:16:48","modified_gmt":"2026-04-08T12:16:48","slug":"collection-blakfofiz-prestige","status":"publish","type":"page","link":"https:\/\/maisonfofiz.com\/en\/collection-blakfofiz-prestige\/","title":{"rendered":"Blakfofiz Prestige Collection"},"content":{"rendered":"<div data-elementor-type=\"wp-page\" data-elementor-id=\"1529\" class=\"elementor elementor-1529\">\n\t\t\t\t<div class=\"elementor-element elementor-element-4c2f0c4 e-flex e-con-boxed e-con e-parent\" data-id=\"4c2f0c4\" data-element_type=\"container\" data-e-type=\"container\">\n\t\t\t\t\t<div class=\"e-con-inner\">\n\t\t\t\t<div class=\"elementor-element elementor-element-4c4f1c1 elementor-widget elementor-widget-text-editor\" data-id=\"4c4f1c1\" data-element_type=\"widget\" data-e-type=\"widget\" data-widget_type=\"text-editor.default\">\n\t\t\t\t\t\t\t\t\t<p><strong>THE BLAKFOFIZ PRESTIGE COLLECTION \u2014 The work of art incarnate<\/strong><\/p><p>Prestige is the meeting point between vision and matter. The figures take shape in the form of:<\/p><ul><li>paintings \u2022 resin sculptures \u2022 fine art prints<\/li><\/ul><p>Each artwork is a physical presence intended for: \u2022 private collections \u2022 exhibition spaces \u2022 institutions<\/p><p>Some parts are available immediately. Others are made to order.<\/p><p>Prestige embodies the material essence of \u00c0\u1e62\u1eb8KEMET.<\/p>\t\t\t\t\t\t\t\t<\/div>\n\t\t\t\t\t<\/div>\n\t\t\t\t<\/div>\n\t\t<div class=\"elementor-element elementor-element-a806488 e-flex e-con-boxed e-con e-parent\" data-id=\"a806488\" data-element_type=\"container\" data-e-type=\"container\">\n\t\t\t\t\t<div class=\"e-con-inner\">\n\t\t\t\t<div class=\"elementor-element elementor-element-b5aaf8b elementor-widget elementor-widget-image\" data-id=\"b5aaf8b\" data-element_type=\"widget\" data-e-type=\"widget\" data-widget_type=\"image.default\">\n\t\t\t\t\t\t\t\t\t\t\t\t\t\t\t<img fetchpriority=\"high\" decoding=\"async\" width=\"683\" height=\"1024\" src=\"https:\/\/maisonfofiz.com\/wp-content\/uploads\/2026\/04\/10-PRESTIGE-temi-fofiz-13.02.2026-16H45-png-683x1024.jpg\" class=\"attachment-large size-large wp-image-1572\" alt=\"Collection Blakfofiz PRESTIGE T\u00e8mi Fofiz\" srcset=\"https:\/\/maisonfofiz.com\/wp-content\/uploads\/2026\/04\/10-PRESTIGE-temi-fofiz-13.02.2026-16H45-png-683x1024.jpg 683w, https:\/\/maisonfofiz.com\/wp-content\/uploads\/2026\/04\/10-PRESTIGE-temi-fofiz-13.02.2026-16H45-png-200x300.jpg 200w, https:\/\/maisonfofiz.com\/wp-content\/uploads\/2026\/04\/10-PRESTIGE-temi-fofiz-13.02.2026-16H45-png-768x1152.jpg 768w, https:\/\/maisonfofiz.com\/wp-content\/uploads\/2026\/04\/10-PRESTIGE-temi-fofiz-13.02.2026-16H45-png-600x900.jpg 600w, https:\/\/maisonfofiz.com\/wp-content\/uploads\/2026\/04\/10-PRESTIGE-temi-fofiz-13.02.2026-16H45-png.jpg 832w\" sizes=\"(max-width: 683px) 100vw, 683px\" \/>\t\t\t\t\t\t\t\t\t\t\t\t\t\t\t<\/div>\n\t\t\t\t\t<\/div>\n\t\t\t\t<\/div>\n\t\t<div class=\"elementor-element elementor-element-7c06f8a e-flex e-con-boxed e-con e-parent\" data-id=\"7c06f8a\" data-element_type=\"container\" data-e-type=\"container\">\n\t\t\t\t\t<div class=\"e-con-inner\">\n\t\t\t\t<div class=\"elementor-element elementor-element-1cd49e4 elementor-widget elementor-widget-text-editor\" data-id=\"1cd49e4\" data-element_type=\"widget\" data-e-type=\"widget\" data-widget_type=\"text-editor.default\">\n\t\t\t\t\t\t\t\t\t<p><strong>Totemic Warriors, <\/strong>T\u00c8MI-FOFIZ &amp; K\u1eb8S\u00cdN-GB\u00d2N\u00c1, \u201cthat which belongs to me\u201d.\u00a0\u00a0<\/p>\t\t\t\t\t\t\t\t<\/div>\n\t\t\t\t\t<\/div>\n\t\t\t\t<\/div>\n\t\t<div class=\"elementor-element elementor-element-f320736 e-flex e-con-boxed e-con e-parent\" data-id=\"f320736\" data-element_type=\"container\" data-e-type=\"container\">\n\t\t\t\t\t<div class=\"e-con-inner\">\n\t\t\t\t<div class=\"elementor-element elementor-element-7cb5102 elementor-widget elementor-widget-image\" data-id=\"7cb5102\" data-element_type=\"widget\" data-e-type=\"widget\" data-widget_type=\"image.default\">\n\t\t\t\t\t\t\t\t\t\t\t\t\t\t\t<img decoding=\"async\" width=\"683\" height=\"1024\" src=\"https:\/\/maisonfofiz.com\/wp-content\/uploads\/2026\/04\/09-OLUWA-TILEM-LEPAN-ORO-12.02-683x1024.jpg\" class=\"attachment-large size-large wp-image-1576\" alt=\"\" srcset=\"https:\/\/maisonfofiz.com\/wp-content\/uploads\/2026\/04\/09-OLUWA-TILEM-LEPAN-ORO-12.02-683x1024.jpg 683w, https:\/\/maisonfofiz.com\/wp-content\/uploads\/2026\/04\/09-OLUWA-TILEM-LEPAN-ORO-12.02-200x300.jpg 200w, https:\/\/maisonfofiz.com\/wp-content\/uploads\/2026\/04\/09-OLUWA-TILEM-LEPAN-ORO-12.02-768x1152.jpg 768w, https:\/\/maisonfofiz.com\/wp-content\/uploads\/2026\/04\/09-OLUWA-TILEM-LEPAN-ORO-12.02-600x900.jpg 600w, https:\/\/maisonfofiz.com\/wp-content\/uploads\/2026\/04\/09-OLUWA-TILEM-LEPAN-ORO-12.02.jpg 832w\" sizes=\"(max-width: 683px) 100vw, 683px\" \/>\t\t\t\t\t\t\t\t\t\t\t\t\t\t\t<\/div>\n\t\t\t\t\t<\/div>\n\t\t\t\t<\/div>\n\t\t<div class=\"elementor-element elementor-element-b314dde e-flex e-con-boxed e-con e-parent\" data-id=\"b314dde\" data-element_type=\"container\" data-e-type=\"container\">\n\t\t\t\t\t<div class=\"e-con-inner\">\n\t\t\t\t<div class=\"elementor-element elementor-element-634a503 elementor-widget elementor-widget-text-editor\" data-id=\"634a503\" data-element_type=\"widget\" data-e-type=\"widget\" data-widget_type=\"text-editor.default\">\n\t\t\t\t\t\t\t\t\t<p><strong>Totemic Warriors, <\/strong>OLUWA T\u00cdL\u1eb8M &amp; L\u00c9P\u00c1N-ORO: \u201clegitimate authority\u201d<\/p>\t\t\t\t\t\t\t\t<\/div>\n\t\t\t\t\t<\/div>\n\t\t\t\t<\/div>\n\t\t<div class=\"elementor-element elementor-element-9a2dae4 e-flex e-con-boxed e-con e-parent\" data-id=\"9a2dae4\" data-element_type=\"container\" data-e-type=\"container\">\n\t\t\t\t\t<div class=\"e-con-inner\">\n\t\t\t\t<div class=\"elementor-element elementor-element-ff73dd2 elementor-widget elementor-widget-image\" data-id=\"ff73dd2\" data-element_type=\"widget\" data-e-type=\"widget\" data-widget_type=\"image.default\">\n\t\t\t\t\t\t\t\t\t\t\t\t\t\t\t<img decoding=\"async\" width=\"683\" height=\"1024\" src=\"https:\/\/maisonfofiz.com\/wp-content\/uploads\/2026\/04\/galerie-10.02-teka-fofiz-683x1024.png\" class=\"attachment-large size-large wp-image-1578\" alt=\"Collection Blakfofiz Prestige T\u1eb8KA-FOFIZ &amp; KANAYA\" srcset=\"https:\/\/maisonfofiz.com\/wp-content\/uploads\/2026\/04\/galerie-10.02-teka-fofiz-683x1024.png 683w, https:\/\/maisonfofiz.com\/wp-content\/uploads\/2026\/04\/galerie-10.02-teka-fofiz-200x300.png 200w, https:\/\/maisonfofiz.com\/wp-content\/uploads\/2026\/04\/galerie-10.02-teka-fofiz-768x1152.png 768w, https:\/\/maisonfofiz.com\/wp-content\/uploads\/2026\/04\/galerie-10.02-teka-fofiz-600x900.png 600w, https:\/\/maisonfofiz.com\/wp-content\/uploads\/2026\/04\/galerie-10.02-teka-fofiz.png 832w\" sizes=\"(max-width: 683px) 100vw, 683px\" \/>\t\t\t\t\t\t\t\t\t\t\t\t\t\t\t<\/div>\n\t\t\t\t\t<\/div>\n\t\t\t\t<\/div>\n\t\t<div class=\"elementor-element elementor-element-7f93d6e e-flex e-con-boxed e-con e-parent\" data-id=\"7f93d6e\" data-element_type=\"container\" data-e-type=\"container\">\n\t\t\t\t\t<div class=\"e-con-inner\">\n\t\t\t\t<div class=\"elementor-element elementor-element-9ada3a7 elementor-widget elementor-widget-text-editor\" data-id=\"9ada3a7\" data-element_type=\"widget\" data-e-type=\"widget\" data-widget_type=\"text-editor.default\">\n\t\t\t\t\t\t\t\t\t<p><strong>Totemic Warriors, <\/strong>T\u1eb8KA-FOFIZ &amp; KANAYA: \u201cthe sacred defense\u201d<\/p>\t\t\t\t\t\t\t\t<\/div>\n\t\t\t\t\t<\/div>\n\t\t\t\t<\/div>\n\t\t\t\t<\/div>","protected":false},"excerpt":{"rendered":"<p>LA COLLECTION BLAKFOFIZ PRESTIGE \u2014 L\u2019\u0153uvre incarn\u00e9e Prestige est le point de rencontre entre vision et mati\u00e8re. Les figures prennent corps sous forme de : peintures \u2022 sculptures en r\u00e9sine \u2022 impressions Fine Art Chaque \u0153uvre est une pr\u00e9sence physique destin\u00e9e \u00e0 : \u2022 des collections priv\u00e9es \u2022 des espaces d\u2019exposition \u2022 des institutions Certaines [&hellip;]<\/p>\n","protected":false},"author":3,"featured_media":0,"parent":0,"menu_order":0,"comment_status":"closed","ping_status":"closed","template":"","meta":{"footnotes":""},"class_list":["post-1529","page","type-page","status-publish","hentry"],"_links":{"self":[{"href":"https:\/\/maisonfofiz.com\/en\/wp-json\/wp\/v2\/pages\/1529","targetHints":{"allow":["GET"]}}],"collection":[{"href":"https:\/\/maisonfofiz.com\/en\/wp-json\/wp\/v2\/pages"}],"about":[{"href":"https:\/\/maisonfofiz.com\/en\/wp-json\/wp\/v2\/types\/page"}],"author":[{"embeddable":true,"href":"https:\/\/maisonfofiz.com\/en\/wp-json\/wp\/v2\/users\/3"}],"replies":[{"embeddable":true,"href":"https:\/\/maisonfofiz.com\/en\/wp-json\/wp\/v2\/comments?post=1529"}],"version-history":[{"count":17,"href":"https:\/\/maisonfofiz.com\/en\/wp-json\/wp\/v2\/pages\/1529\/revisions"}],"predecessor-version":[{"id":1953,"href":"https:\/\/maisonfofiz.com\/en\/wp-json\/wp\/v2\/pages\/1529\/revisions\/1953"}],"wp:attachment":[{"href":"https:\/\/maisonfofiz.com\/en\/wp-json\/wp\/v2\/media?parent=1529"}],"curies":[{"name":"wp","href":"https:\/\/api.w.org\/{rel}","templated":true}]}}