{"id":1527,"date":"2026-04-04T14:49:33","date_gmt":"2026-04-04T13:49:33","guid":{"rendered":"https:\/\/maisonfofiz.com\/?page_id=1527"},"modified":"2026-04-29T10:30:59","modified_gmt":"2026-04-29T09:30:59","slug":"collection-blakfofiz-classic","status":"publish","type":"page","link":"https:\/\/maisonfofiz.com\/en\/collection-blakfofiz-classic\/","title":{"rendered":"Collection Blakfofiz Classic"},"content":{"rendered":"<div data-elementor-type=\"wp-page\" data-elementor-id=\"1527\" class=\"elementor elementor-1527\">\n\t\t\t\t<div class=\"elementor-element elementor-element-af2bb9c e-flex e-con-boxed e-con e-parent\" data-id=\"af2bb9c\" data-element_type=\"container\" data-e-type=\"container\">\n\t\t\t\t\t<div class=\"e-con-inner\">\n\t\t\t\t<div class=\"elementor-element elementor-element-40b00a2 elementor-widget elementor-widget-text-editor\" data-id=\"40b00a2\" data-element_type=\"widget\" data-e-type=\"widget\" data-widget_type=\"text-editor.default\">\n\t\t\t\t\t\t\t\t\t<p><strong>La Collection Blakfofiz Classic est le premier seuil.<\/strong><\/p><p>Ce ne sont pas des \u0153uvres d\u2019art, mais des supports de diffusion. Des pi\u00e8ces d\u00e9riv\u00e9es qui portent une version simplifi\u00e9e et accessible de mon langage artistique.<\/p><p>\u00c0 travers les t\u2011shirts, objets et formes d\u00e9riv\u00e9es, Classic permet au symbole de circuler dans le quotidien. Il ne remplace pas l\u2019\u0153uvre : il en prolonge la pr\u00e9sence. Classic prot\u00e8ge l\u2019univers en organisant sa diffusion.<\/p>\t\t\t\t\t\t\t\t<\/div>\n\t\t\t\t\t<\/div>\n\t\t\t\t<\/div>\n\t\t<div class=\"elementor-element elementor-element-c78772d e-flex e-con-boxed e-con e-parent\" data-id=\"c78772d\" data-element_type=\"container\" data-e-type=\"container\">\n\t\t\t\t\t<div class=\"e-con-inner\">\n\t\t\t\t<div class=\"elementor-element elementor-element-a29dda0 elementor-widget elementor-widget-image\" data-id=\"a29dda0\" data-element_type=\"widget\" data-e-type=\"widget\" data-widget_type=\"image.default\">\n\t\t\t\t\t\t\t\t\t\t\t\t\t\t\t<img fetchpriority=\"high\" decoding=\"async\" width=\"762\" height=\"1024\" src=\"https:\/\/maisonfofiz.com\/wp-content\/uploads\/2026\/04\/T-shirt-de-la-collection-Blakfofiz-Classic-la-lignee-des-guerriers-762x1024.png\" class=\"attachment-large size-large wp-image-1560\" alt=\"T shirt de la collection Blakfofiz Classic la lign\u00e9e des guerriers\" srcset=\"https:\/\/maisonfofiz.com\/wp-content\/uploads\/2026\/04\/T-shirt-de-la-collection-Blakfofiz-Classic-la-lignee-des-guerriers-762x1024.png 762w, https:\/\/maisonfofiz.com\/wp-content\/uploads\/2026\/04\/T-shirt-de-la-collection-Blakfofiz-Classic-la-lignee-des-guerriers-223x300.png 223w, https:\/\/maisonfofiz.com\/wp-content\/uploads\/2026\/04\/T-shirt-de-la-collection-Blakfofiz-Classic-la-lignee-des-guerriers-768x1032.png 768w, https:\/\/maisonfofiz.com\/wp-content\/uploads\/2026\/04\/T-shirt-de-la-collection-Blakfofiz-Classic-la-lignee-des-guerriers-1143x1536.png 1143w, https:\/\/maisonfofiz.com\/wp-content\/uploads\/2026\/04\/T-shirt-de-la-collection-Blakfofiz-Classic-la-lignee-des-guerriers-600x806.png 600w, https:\/\/maisonfofiz.com\/wp-content\/uploads\/2026\/04\/T-shirt-de-la-collection-Blakfofiz-Classic-la-lignee-des-guerriers.png 1377w\" sizes=\"(max-width: 762px) 100vw, 762px\" \/>\t\t\t\t\t\t\t\t\t\t\t\t\t\t\t<\/div>\n\t\t\t\t\t<\/div>\n\t\t\t\t<\/div>\n\t\t<div class=\"elementor-element elementor-element-9238b09 e-flex e-con-boxed e-con e-parent\" data-id=\"9238b09\" data-element_type=\"container\" data-e-type=\"container\">\n\t\t\t\t\t<div class=\"e-con-inner\">\n\t\t\t\t<div class=\"elementor-element elementor-element-f35137e elementor-widget elementor-widget-image\" data-id=\"f35137e\" data-element_type=\"widget\" data-e-type=\"widget\" data-widget_type=\"image.default\">\n\t\t\t\t\t\t\t\t\t\t\t\t\t\t\t<img decoding=\"async\" width=\"768\" height=\"1024\" src=\"https:\/\/maisonfofiz.com\/wp-content\/uploads\/2026\/03\/MODEL-mon-neveu-DORCAS-01-1-768x1024.png\" class=\"attachment-large size-large wp-image-1652\" alt=\"T Shirt Collection Blakfofiz Clacci\" srcset=\"https:\/\/maisonfofiz.com\/wp-content\/uploads\/2026\/03\/MODEL-mon-neveu-DORCAS-01-1-768x1024.png 768w, https:\/\/maisonfofiz.com\/wp-content\/uploads\/2026\/03\/MODEL-mon-neveu-DORCAS-01-1-225x300.png 225w, https:\/\/maisonfofiz.com\/wp-content\/uploads\/2026\/03\/MODEL-mon-neveu-DORCAS-01-1-600x800.png 600w, https:\/\/maisonfofiz.com\/wp-content\/uploads\/2026\/03\/MODEL-mon-neveu-DORCAS-01-1.png 1051w\" sizes=\"(max-width: 768px) 100vw, 768px\" \/>\t\t\t\t\t\t\t\t\t\t\t\t\t\t\t<\/div>\n\t\t\t\t\t<\/div>\n\t\t\t\t<\/div>\n\t\t<div class=\"elementor-element elementor-element-56b4f05 e-flex e-con-boxed e-con e-parent\" data-id=\"56b4f05\" data-element_type=\"container\" data-e-type=\"container\">\n\t\t\t\t\t<div class=\"e-con-inner\">\n\t\t\t\t<div class=\"elementor-element elementor-element-5e748d7 elementor-widget elementor-widget-spacer\" data-id=\"5e748d7\" data-element_type=\"widget\" data-e-type=\"widget\" data-widget_type=\"spacer.default\">\n\t\t\t\t\t\t\t<div class=\"elementor-spacer\">\n\t\t\t<div class=\"elementor-spacer-inner\"><\/div>\n\t\t<\/div>\n\t\t\t\t\t\t<\/div>\n\t\t\t\t\t<\/div>\n\t\t\t\t<\/div>\n\t\t<div class=\"elementor-element elementor-element-3dc9e43 e-flex e-con-boxed e-con e-parent\" data-id=\"3dc9e43\" data-element_type=\"container\" data-e-type=\"container\">\n\t\t\t\t\t<div class=\"e-con-inner\">\n\t\t\t\t<div class=\"elementor-element elementor-element-fe0624c elementor-widget elementor-widget-image\" data-id=\"fe0624c\" data-element_type=\"widget\" data-e-type=\"widget\" data-widget_type=\"image.default\">\n\t\t\t\t\t\t\t\t\t\t\t\t\t\t\t<img decoding=\"async\" width=\"320\" height=\"1024\" src=\"https:\/\/maisonfofiz.com\/wp-content\/uploads\/2026\/04\/les-Guerriers-Totemiques-Univers-Blakfofiz-Classic.-A\u1e62EKEMET-MAISON-FOFIZ-320x1024.png\" class=\"attachment-large size-large wp-image-2462\" alt=\"les Guerriers Tot\u00e9miques Univers Blakfofiz Classic. \u00c0\u1e62\u1eb8KEMET MAISON FOFIZ\" srcset=\"https:\/\/maisonfofiz.com\/wp-content\/uploads\/2026\/04\/les-Guerriers-Totemiques-Univers-Blakfofiz-Classic.-A\u1e62EKEMET-MAISON-FOFIZ-320x1024.png 320w, https:\/\/maisonfofiz.com\/wp-content\/uploads\/2026\/04\/les-Guerriers-Totemiques-Univers-Blakfofiz-Classic.-A\u1e62EKEMET-MAISON-FOFIZ-94x300.png 94w, https:\/\/maisonfofiz.com\/wp-content\/uploads\/2026\/04\/les-Guerriers-Totemiques-Univers-Blakfofiz-Classic.-A\u1e62EKEMET-MAISON-FOFIZ-768x2460.png 768w, https:\/\/maisonfofiz.com\/wp-content\/uploads\/2026\/04\/les-Guerriers-Totemiques-Univers-Blakfofiz-Classic.-A\u1e62EKEMET-MAISON-FOFIZ-4x12.png 4w, https:\/\/maisonfofiz.com\/wp-content\/uploads\/2026\/04\/les-Guerriers-Totemiques-Univers-Blakfofiz-Classic.-A\u1e62EKEMET-MAISON-FOFIZ-600x1922.png 600w, https:\/\/maisonfofiz.com\/wp-content\/uploads\/2026\/04\/les-Guerriers-Totemiques-Univers-Blakfofiz-Classic.-A\u1e62EKEMET-MAISON-FOFIZ-scaled.png 799w\" sizes=\"(max-width: 320px) 100vw, 320px\" \/>\t\t\t\t\t\t\t\t\t\t\t\t\t\t\t<\/div>\n\t\t\t\t\t<\/div>\n\t\t\t\t<\/div>\n\t\t<div class=\"elementor-element elementor-element-9c4e3a3 e-flex e-con-boxed e-con e-parent\" data-id=\"9c4e3a3\" data-element_type=\"container\" data-e-type=\"container\">\n\t\t\t\t\t<div class=\"e-con-inner\">\n\t\t\t\t<div class=\"elementor-element elementor-element-e9132f6 elementor-align-center elementor-widget elementor-widget-button\" data-id=\"e9132f6\" data-element_type=\"widget\" data-e-type=\"widget\" data-widget_type=\"button.default\">\n\t\t\t\t\t\t\t\t\t\t<a class=\"elementor-button elementor-button-link elementor-size-sm\" href=\"https:\/\/maisonfofiz.com\/en\/editions\/\">\n\t\t\t\t\t\t<span class=\"elementor-button-content-wrapper\">\n\t\t\t\t\t\t\t\t\t<span class=\"elementor-button-text\">\u2192 Porter l\u2019univers<\/span>\n\t\t\t\t\t<\/span>\n\t\t\t\t\t<\/a>\n\t\t\t\t\t\t\t\t<\/div>\n\t\t\t\t\t<\/div>\n\t\t\t\t<\/div>\n\t\t\t\t<\/div>","protected":false},"excerpt":{"rendered":"<p>La Collection Blakfofiz Classic est le premier seuil. Ce ne sont pas des \u0153uvres d\u2019art, mais des supports de diffusion. Des pi\u00e8ces d\u00e9riv\u00e9es qui portent une version simplifi\u00e9e et accessible de mon langage artistique. \u00c0 travers les t\u2011shirts, objets et formes d\u00e9riv\u00e9es, Classic permet au symbole de circuler dans le quotidien. Il ne remplace pas [&hellip;]<\/p>\n","protected":false},"author":3,"featured_media":0,"parent":0,"menu_order":0,"comment_status":"closed","ping_status":"closed","template":"","meta":{"footnotes":""},"class_list":["post-1527","page","type-page","status-publish","hentry"],"_links":{"self":[{"href":"https:\/\/maisonfofiz.com\/en\/wp-json\/wp\/v2\/pages\/1527","targetHints":{"allow":["GET"]}}],"collection":[{"href":"https:\/\/maisonfofiz.com\/en\/wp-json\/wp\/v2\/pages"}],"about":[{"href":"https:\/\/maisonfofiz.com\/en\/wp-json\/wp\/v2\/types\/page"}],"author":[{"embeddable":true,"href":"https:\/\/maisonfofiz.com\/en\/wp-json\/wp\/v2\/users\/3"}],"replies":[{"embeddable":true,"href":"https:\/\/maisonfofiz.com\/en\/wp-json\/wp\/v2\/comments?post=1527"}],"version-history":[{"count":29,"href":"https:\/\/maisonfofiz.com\/en\/wp-json\/wp\/v2\/pages\/1527\/revisions"}],"predecessor-version":[{"id":2472,"href":"https:\/\/maisonfofiz.com\/en\/wp-json\/wp\/v2\/pages\/1527\/revisions\/2472"}],"wp:attachment":[{"href":"https:\/\/maisonfofiz.com\/en\/wp-json\/wp\/v2\/media?parent=1527"}],"curies":[{"name":"wp","href":"https:\/\/api.w.org\/{rel}","templated":true}]}}