{"id":1525,"date":"2026-04-04T14:48:25","date_gmt":"2026-04-04T13:48:25","guid":{"rendered":"https:\/\/maisonfofiz.com\/?page_id=1525"},"modified":"2026-04-10T11:11:29","modified_gmt":"2026-04-10T10:11:29","slug":"collections","status":"publish","type":"page","link":"https:\/\/maisonfofiz.com\/en\/collections\/","title":{"rendered":"COLLECTIONS"},"content":{"rendered":"<div data-elementor-type=\"wp-page\" data-elementor-id=\"1525\" class=\"elementor elementor-1525\">\n\t\t\t\t<div class=\"elementor-element elementor-element-74bfa52 e-flex e-con-boxed e-con e-parent\" data-id=\"74bfa52\" data-element_type=\"container\" data-e-type=\"container\">\n\t\t\t\t\t<div class=\"e-con-inner\">\n\t\t\t\t<div class=\"elementor-element elementor-element-4b746a6 elementor-widget elementor-widget-image\" data-id=\"4b746a6\" data-element_type=\"widget\" data-e-type=\"widget\" data-widget_type=\"image.default\">\n\t\t\t\t\t\t\t\t\t\t\t\t\t\t\t<img fetchpriority=\"high\" decoding=\"async\" width=\"1024\" height=\"1024\" src=\"https:\/\/maisonfofiz.com\/wp-content\/uploads\/2026\/04\/L-Univers-de-la-collections-Blakfofiz-ASEKEMIT-ARTISTE-AFROFUTURISME-1024x1024.png\" class=\"attachment-large size-large wp-image-1549\" alt=\"L&#039;Univers de la collections Blakfofiz ASEKEMIT ARTISTE AFROFUTURISME\" srcset=\"https:\/\/maisonfofiz.com\/wp-content\/uploads\/2026\/04\/L-Univers-de-la-collections-Blakfofiz-ASEKEMIT-ARTISTE-AFROFUTURISME-1024x1024.png 1024w, https:\/\/maisonfofiz.com\/wp-content\/uploads\/2026\/04\/L-Univers-de-la-collections-Blakfofiz-ASEKEMIT-ARTISTE-AFROFUTURISME-300x300.png 300w, https:\/\/maisonfofiz.com\/wp-content\/uploads\/2026\/04\/L-Univers-de-la-collections-Blakfofiz-ASEKEMIT-ARTISTE-AFROFUTURISME-150x150.png 150w, https:\/\/maisonfofiz.com\/wp-content\/uploads\/2026\/04\/L-Univers-de-la-collections-Blakfofiz-ASEKEMIT-ARTISTE-AFROFUTURISME-768x768.png 768w, https:\/\/maisonfofiz.com\/wp-content\/uploads\/2026\/04\/L-Univers-de-la-collections-Blakfofiz-ASEKEMIT-ARTISTE-AFROFUTURISME-600x600.png 600w, https:\/\/maisonfofiz.com\/wp-content\/uploads\/2026\/04\/L-Univers-de-la-collections-Blakfofiz-ASEKEMIT-ARTISTE-AFROFUTURISME-100x100.png 100w, https:\/\/maisonfofiz.com\/wp-content\/uploads\/2026\/04\/L-Univers-de-la-collections-Blakfofiz-ASEKEMIT-ARTISTE-AFROFUTURISME.png 1424w\" sizes=\"(max-width: 1024px) 100vw, 1024px\" \/>\t\t\t\t\t\t\t\t\t\t\t\t\t\t\t<\/div>\n\t\t\t\t\t<\/div>\n\t\t\t\t<\/div>\n\t\t<div class=\"elementor-element elementor-element-73b56ea e-flex e-con-boxed e-con e-parent\" data-id=\"73b56ea\" data-element_type=\"container\" data-e-type=\"container\">\n\t\t\t\t\t<div class=\"e-con-inner\">\n\t\t\t\t<div class=\"elementor-element elementor-element-aa811cc elementor-widget elementor-widget-heading\" data-id=\"aa811cc\" data-element_type=\"widget\" data-e-type=\"widget\" data-widget_type=\"heading.default\">\n\t\t\t\t\t<h2 class=\"elementor-heading-title elementor-size-default\">THE COLLECTIONS<\/h2>\t\t\t\t<\/div>\n\t\t\t\t\t<\/div>\n\t\t\t\t<\/div>\n\t\t<div class=\"elementor-element elementor-element-05131cf e-flex e-con-boxed e-con e-parent\" data-id=\"05131cf\" data-element_type=\"container\" data-e-type=\"container\">\n\t\t\t\t\t<div class=\"e-con-inner\">\n\t\t\t\t<div class=\"elementor-element elementor-element-c2f68dd elementor-widget elementor-widget-text-editor\" data-id=\"c2f68dd\" data-element_type=\"widget\" data-e-type=\"widget\" data-widget_type=\"text-editor.default\">\n\t\t\t\t\t\t\t\t\t<p>The living architecture of the FOFIZ House<\/p>\t\t\t\t\t\t\t\t<\/div>\n\t\t\t\t\t<\/div>\n\t\t\t\t<\/div>\n\t\t<div class=\"elementor-element elementor-element-9c54892 e-flex e-con-boxed e-con e-parent\" data-id=\"9c54892\" data-element_type=\"container\" data-e-type=\"container\">\n\t\t\t\t\t<div class=\"e-con-inner\">\n\t\t\t\t<div class=\"elementor-element elementor-element-43b5931 elementor-widget elementor-widget-text-editor\" data-id=\"43b5931\" data-element_type=\"widget\" data-e-type=\"widget\" data-widget_type=\"text-editor.default\">\n\t\t\t\t\t\t\t\t\t<p>Maison FOFIZ does not distribute works. It organizes a system.<\/p><p>Each creation from \u00c0\u1e62\u1eb8KEMET circulates through different levels of incarnation, according to its function, scope and intensity.<\/p><p>These are not product lines. These are... <strong>forms of presence<\/strong> in the real world.<\/p><p>Four collections structure this circulation.<\/p>\t\t\t\t\t\t\t\t<\/div>\n\t\t\t\t\t<\/div>\n\t\t\t\t<\/div>\n\t\t<div class=\"elementor-element elementor-element-29eb883 e-flex e-con-boxed e-con e-parent\" data-id=\"29eb883\" data-element_type=\"container\" data-e-type=\"container\">\n\t\t\t\t\t<div class=\"e-con-inner\">\n\t\t\t\t<div class=\"elementor-element elementor-element-54463b1 elementor-widget elementor-widget-image\" data-id=\"54463b1\" data-element_type=\"widget\" data-e-type=\"widget\" data-widget_type=\"image.default\">\n\t\t\t\t\t\t\t\t\t\t\t\t\t\t\t<img decoding=\"async\" width=\"1024\" height=\"696\" src=\"https:\/\/maisonfofiz.com\/wp-content\/uploads\/2026\/04\/T-Shirt-Collection-Classic-Blakfofiz-1024x696.png\" class=\"attachment-large size-large wp-image-1551\" alt=\"T Shirt Collection Classic Blakfofiz\" srcset=\"https:\/\/maisonfofiz.com\/wp-content\/uploads\/2026\/04\/T-Shirt-Collection-Classic-Blakfofiz-1024x696.png 1024w, https:\/\/maisonfofiz.com\/wp-content\/uploads\/2026\/04\/T-Shirt-Collection-Classic-Blakfofiz-300x204.png 300w, https:\/\/maisonfofiz.com\/wp-content\/uploads\/2026\/04\/T-Shirt-Collection-Classic-Blakfofiz-768x522.png 768w, https:\/\/maisonfofiz.com\/wp-content\/uploads\/2026\/04\/T-Shirt-Collection-Classic-Blakfofiz-600x408.png 600w, https:\/\/maisonfofiz.com\/wp-content\/uploads\/2026\/04\/T-Shirt-Collection-Classic-Blakfofiz.png 1377w\" sizes=\"(max-width: 1024px) 100vw, 1024px\" \/>\t\t\t\t\t\t\t\t\t\t\t\t\t\t\t<\/div>\n\t\t\t\t\t<\/div>\n\t\t\t\t<\/div>\n\t\t<div class=\"elementor-element elementor-element-547bb44 e-flex e-con-boxed e-con e-parent\" data-id=\"547bb44\" data-element_type=\"container\" data-e-type=\"container\">\n\t\t\t\t\t<div class=\"e-con-inner\">\n\t\t\t\t<div class=\"elementor-element elementor-element-0d38cc8 elementor-widget elementor-widget-heading\" data-id=\"0d38cc8\" data-element_type=\"widget\" data-e-type=\"widget\" data-widget_type=\"heading.default\">\n\t\t\t\t\t<h2 class=\"elementor-heading-title elementor-size-default\">BLAKFOFIZ CLASSIC \u2014 The broadcast<\/h2>\t\t\t\t<\/div>\n\t\t\t\t\t<\/div>\n\t\t\t\t<\/div>\n\t\t<div class=\"elementor-element elementor-element-1c00a64 e-flex e-con-boxed e-con e-parent\" data-id=\"1c00a64\" data-element_type=\"container\" data-e-type=\"container\">\n\t\t\t\t\t<div class=\"e-con-inner\">\n\t\t\t\t<div class=\"elementor-element elementor-element-2cff511 elementor-widget elementor-widget-text-editor\" data-id=\"2cff511\" data-element_type=\"widget\" data-e-type=\"widget\" data-widget_type=\"text-editor.default\">\n\t\t\t\t\t\t\t\t\t<p>Classic is the first threshold.<\/p><p>Here, the figures leave the space of the artwork to enter everyday life. They become visible, portable, shareable.<\/p><p>These are not works of art. They are vehicles.<\/p><p><strong>Supports:<\/strong><\/p><ul><li>textiles<\/li><li>objects<\/li><li>derived forms<\/li><\/ul><p><strong>Role :<\/strong><\/p><ul><li>circulate the language<\/li><li>making the universe accessible<\/li><li>building a vibrant community<\/li><\/ul>\t\t\t\t\t\t\t\t<\/div>\n\t\t\t\t\t<\/div>\n\t\t\t\t<\/div>\n\t\t<div class=\"elementor-element elementor-element-9ed558a e-flex e-con-boxed e-con e-parent\" data-id=\"9ed558a\" data-element_type=\"container\" data-e-type=\"container\">\n\t\t\t\t\t<div class=\"e-con-inner\">\n\t\t\t\t<div class=\"elementor-element elementor-element-1cc5b97 elementor-align-center elementor-widget elementor-widget-button\" data-id=\"1cc5b97\" data-element_type=\"widget\" data-e-type=\"widget\" data-widget_type=\"button.default\">\n\t\t\t\t\t\t\t\t\t\t<a class=\"elementor-button elementor-button-link elementor-size-sm\" href=\"https:\/\/maisonfofiz.com\/en\/collection-blakfofiz-classic\/\">\n\t\t\t\t\t\t<span class=\"elementor-button-content-wrapper\">\n\t\t\t\t\t\t\t\t\t<span class=\"elementor-button-text\">Classic<\/span>\n\t\t\t\t\t<\/span>\n\t\t\t\t\t<\/a>\n\t\t\t\t\t\t\t\t<\/div>\n\t\t\t\t\t<\/div>\n\t\t\t\t<\/div>\n\t\t<div class=\"elementor-element elementor-element-d9254c1 e-flex e-con-boxed e-con e-parent\" data-id=\"d9254c1\" data-element_type=\"container\" data-e-type=\"container\">\n\t\t\t\t\t<div class=\"e-con-inner\">\n\t\t\t\t<div class=\"elementor-element elementor-element-87dbf87 elementor-widget-divider--view-line elementor-widget elementor-widget-divider\" data-id=\"87dbf87\" data-element_type=\"widget\" data-e-type=\"widget\" data-widget_type=\"divider.default\">\n\t\t\t\t\t\t\t<div class=\"elementor-divider\">\n\t\t\t<span class=\"elementor-divider-separator\">\n\t\t\t\t\t\t<\/span>\n\t\t<\/div>\n\t\t\t\t\t\t<\/div>\n\t\t\t\t\t<\/div>\n\t\t\t\t<\/div>\n\t\t<div class=\"elementor-element elementor-element-95e156d e-flex e-con-boxed e-con e-parent\" data-id=\"95e156d\" data-element_type=\"container\" data-e-type=\"container\">\n\t\t\t\t\t<div class=\"e-con-inner\">\n\t\t\t\t<div class=\"elementor-element elementor-element-70e13e7 elementor-widget elementor-widget-image\" data-id=\"70e13e7\" data-element_type=\"widget\" data-e-type=\"widget\" data-widget_type=\"image.default\">\n\t\t\t\t\t\t\t\t\t\t\t\t\t\t\t<img decoding=\"async\" width=\"1024\" height=\"1024\" src=\"https:\/\/maisonfofiz.com\/wp-content\/uploads\/2026\/04\/Collection-Blakfofiz-Prestige.png\" class=\"attachment-large size-large wp-image-1552\" alt=\"Collection Blakfofiz Prestige\" srcset=\"https:\/\/maisonfofiz.com\/wp-content\/uploads\/2026\/04\/Collection-Blakfofiz-Prestige.png 1024w, https:\/\/maisonfofiz.com\/wp-content\/uploads\/2026\/04\/Collection-Blakfofiz-Prestige-300x300.png 300w, https:\/\/maisonfofiz.com\/wp-content\/uploads\/2026\/04\/Collection-Blakfofiz-Prestige-150x150.png 150w, https:\/\/maisonfofiz.com\/wp-content\/uploads\/2026\/04\/Collection-Blakfofiz-Prestige-768x768.png 768w, https:\/\/maisonfofiz.com\/wp-content\/uploads\/2026\/04\/Collection-Blakfofiz-Prestige-600x600.png 600w, https:\/\/maisonfofiz.com\/wp-content\/uploads\/2026\/04\/Collection-Blakfofiz-Prestige-100x100.png 100w\" sizes=\"(max-width: 1024px) 100vw, 1024px\" \/>\t\t\t\t\t\t\t\t\t\t\t\t\t\t\t<\/div>\n\t\t\t\t\t<\/div>\n\t\t\t\t<\/div>\n\t\t<div class=\"elementor-element elementor-element-f928065 e-flex e-con-boxed e-con e-parent\" data-id=\"f928065\" data-element_type=\"container\" data-e-type=\"container\">\n\t\t\t\t\t<div class=\"e-con-inner\">\n\t\t\t\t<div class=\"elementor-element elementor-element-b6062be elementor-widget elementor-widget-heading\" data-id=\"b6062be\" data-element_type=\"widget\" data-e-type=\"widget\" data-widget_type=\"heading.default\">\n\t\t\t\t\t<h2 class=\"elementor-heading-title elementor-size-default\">BLAKFOFIZ PRESTIGE \u2014 The Incarnation<\/h2>\t\t\t\t<\/div>\n\t\t\t\t\t<\/div>\n\t\t\t\t<\/div>\n\t\t<div class=\"elementor-element elementor-element-91b994b e-flex e-con-boxed e-con e-parent\" data-id=\"91b994b\" data-element_type=\"container\" data-e-type=\"container\">\n\t\t\t\t\t<div class=\"e-con-inner\">\n\t\t\t\t<div class=\"elementor-element elementor-element-b2102c9 elementor-widget elementor-widget-text-editor\" data-id=\"b2102c9\" data-element_type=\"widget\" data-e-type=\"widget\" data-widget_type=\"text-editor.default\">\n\t\t\t\t\t\t\t\t\t<p>Prestige is the meeting point between vision and matter.<\/p><p>The figures take shape:<\/p><ul><li>paintings<\/li><li>sculptures<\/li><li>Fine Art Prints<\/li><\/ul><p>Each piece becomes a physical presence intended to enter into:<\/p><ul><li>private collections<\/li><li>exhibition spaces<\/li><li>institutions<\/li><\/ul>\t\t\t\t\t\t\t\t<\/div>\n\t\t\t\t\t<\/div>\n\t\t\t\t<\/div>\n\t\t<div class=\"elementor-element elementor-element-f8a2f14 e-flex e-con-boxed e-con e-parent\" data-id=\"f8a2f14\" data-element_type=\"container\" data-e-type=\"container\">\n\t\t\t\t\t<div class=\"e-con-inner\">\n\t\t\t\t<div class=\"elementor-element elementor-element-694e9cb elementor-align-center elementor-widget elementor-widget-button\" data-id=\"694e9cb\" data-element_type=\"widget\" data-e-type=\"widget\" data-widget_type=\"button.default\">\n\t\t\t\t\t\t\t\t\t\t<a class=\"elementor-button elementor-button-link elementor-size-sm\" href=\"https:\/\/maisonfofiz.com\/en\/collection-blakfofiz-prestige\/\">\n\t\t\t\t\t\t<span class=\"elementor-button-content-wrapper\">\n\t\t\t\t\t\t\t\t\t<span class=\"elementor-button-text\">View the Prestige works<\/span>\n\t\t\t\t\t<\/span>\n\t\t\t\t\t<\/a>\n\t\t\t\t\t\t\t\t<\/div>\n\t\t\t\t\t<\/div>\n\t\t\t\t<\/div>\n\t\t<div class=\"elementor-element elementor-element-8c3bf2a e-flex e-con-boxed e-con e-parent\" data-id=\"8c3bf2a\" data-element_type=\"container\" data-e-type=\"container\">\n\t\t\t\t\t<div class=\"e-con-inner\">\n\t\t\t\t<div class=\"elementor-element elementor-element-638d9e8 elementor-widget-divider--view-line elementor-widget elementor-widget-divider\" data-id=\"638d9e8\" data-element_type=\"widget\" data-e-type=\"widget\" data-widget_type=\"divider.default\">\n\t\t\t\t\t\t\t<div class=\"elementor-divider\">\n\t\t\t<span class=\"elementor-divider-separator\">\n\t\t\t\t\t\t<\/span>\n\t\t<\/div>\n\t\t\t\t\t\t<\/div>\n\t\t\t\t\t<\/div>\n\t\t\t\t<\/div>\n\t\t<div class=\"elementor-element elementor-element-9afb809 e-flex e-con-boxed e-con e-parent\" data-id=\"9afb809\" data-element_type=\"container\" data-e-type=\"container\">\n\t\t\t\t\t<div class=\"e-con-inner\">\n\t\t\t\t<div class=\"elementor-element elementor-element-438e0e3 elementor-widget elementor-widget-image\" data-id=\"438e0e3\" data-element_type=\"widget\" data-e-type=\"widget\" data-widget_type=\"image.default\">\n\t\t\t\t\t\t\t\t\t\t\t\t\t\t\t<img loading=\"lazy\" decoding=\"async\" width=\"1024\" height=\"692\" src=\"https:\/\/maisonfofiz.com\/wp-content\/uploads\/2026\/04\/Guerrier-BLAK-KORO-KE\u0300SIN-GBO\u0300NA-Maison-FOFIZ-A\u1e62EKEMET-2026-1024x692.png\" class=\"attachment-large size-large wp-image-1553\" alt=\"Collection Blakfofiz imp\u00e9rial \u00c0\u1e62\u1eb8KEMET\" srcset=\"https:\/\/maisonfofiz.com\/wp-content\/uploads\/2026\/04\/Guerrier-BLAK-KORO-KE\u0300SIN-GBO\u0300NA-Maison-FOFIZ-A\u1e62EKEMET-2026-1024x692.png 1024w, https:\/\/maisonfofiz.com\/wp-content\/uploads\/2026\/04\/Guerrier-BLAK-KORO-KE\u0300SIN-GBO\u0300NA-Maison-FOFIZ-A\u1e62EKEMET-2026-300x203.png 300w, https:\/\/maisonfofiz.com\/wp-content\/uploads\/2026\/04\/Guerrier-BLAK-KORO-KE\u0300SIN-GBO\u0300NA-Maison-FOFIZ-A\u1e62EKEMET-2026-768x519.png 768w, https:\/\/maisonfofiz.com\/wp-content\/uploads\/2026\/04\/Guerrier-BLAK-KORO-KE\u0300SIN-GBO\u0300NA-Maison-FOFIZ-A\u1e62EKEMET-2026-600x406.png 600w, https:\/\/maisonfofiz.com\/wp-content\/uploads\/2026\/04\/Guerrier-BLAK-KORO-KE\u0300SIN-GBO\u0300NA-Maison-FOFIZ-A\u1e62EKEMET-2026.png 1040w\" sizes=\"(max-width: 1024px) 100vw, 1024px\" \/>\t\t\t\t\t\t\t\t\t\t\t\t\t\t\t<\/div>\n\t\t\t\t\t<\/div>\n\t\t\t\t<\/div>\n\t\t<div class=\"elementor-element elementor-element-3f06b4f e-flex e-con-boxed e-con e-parent\" data-id=\"3f06b4f\" data-element_type=\"container\" data-e-type=\"container\">\n\t\t\t\t\t<div class=\"e-con-inner\">\n\t\t\t\t<div class=\"elementor-element elementor-element-65028bd elementor-widget elementor-widget-text-editor\" data-id=\"65028bd\" data-element_type=\"widget\" data-e-type=\"widget\" data-widget_type=\"text-editor.default\">\n\t\t\t\t\t\t\t\t\t<h2><strong>BLAKFOFIZ IMPERIAL \u2014 The core<\/strong><\/h2>\t\t\t\t\t\t\t\t<\/div>\n\t\t\t\t\t<\/div>\n\t\t\t\t<\/div>\n\t\t<div class=\"elementor-element elementor-element-02feb05 e-flex e-con-boxed e-con e-parent\" data-id=\"02feb05\" data-element_type=\"container\" data-e-type=\"container\">\n\t\t\t\t\t<div class=\"e-con-inner\">\n\t\t\t\t<div class=\"elementor-element elementor-element-dbadda2 elementor-widget elementor-widget-text-editor\" data-id=\"dbadda2\" data-element_type=\"widget\" data-e-type=\"widget\" data-widget_type=\"text-editor.default\">\n\t\t\t\t\t\t\t\t\t<p>Imperial brings together the rarest, densest, most symbolic forms.<\/p><p>Each work is unique. Each piece is a statement.<\/p><p>Manifesto work: <strong>The Brotherhood of Crocodiles<\/strong> \u2014 continuity, strategy, collective power.<\/p>\t\t\t\t\t\t\t\t<\/div>\n\t\t\t\t\t<\/div>\n\t\t\t\t<\/div>\n\t\t<div class=\"elementor-element elementor-element-ecded59 e-flex e-con-boxed e-con e-parent\" data-id=\"ecded59\" data-element_type=\"container\" data-e-type=\"container\">\n\t\t\t\t\t<div class=\"e-con-inner\">\n\t\t\t\t<div class=\"elementor-element elementor-element-2792378 elementor-align-center elementor-widget elementor-widget-button\" data-id=\"2792378\" data-element_type=\"widget\" data-e-type=\"widget\" data-widget_type=\"button.default\">\n\t\t\t\t\t\t\t\t\t\t<a class=\"elementor-button elementor-button-link elementor-size-sm\" href=\"https:\/\/maisonfofiz.com\/en\/collection-blakfofiz-imperial\/\">\n\t\t\t\t\t\t<span class=\"elementor-button-content-wrapper\">\n\t\t\t\t\t\t\t\t\t<span class=\"elementor-button-text\">See the Imperial Works<\/span>\n\t\t\t\t\t<\/span>\n\t\t\t\t\t<\/a>\n\t\t\t\t\t\t\t\t<\/div>\n\t\t\t\t\t<\/div>\n\t\t\t\t<\/div>\n\t\t<div class=\"elementor-element elementor-element-fbc0812 e-flex e-con-boxed e-con e-parent\" data-id=\"fbc0812\" data-element_type=\"container\" data-e-type=\"container\">\n\t\t\t\t\t<div class=\"e-con-inner\">\n\t\t\t\t<div class=\"elementor-element elementor-element-229e6df elementor-widget-divider--view-line elementor-widget elementor-widget-divider\" data-id=\"229e6df\" data-element_type=\"widget\" data-e-type=\"widget\" data-widget_type=\"divider.default\">\n\t\t\t\t\t\t\t<div class=\"elementor-divider\">\n\t\t\t<span class=\"elementor-divider-separator\">\n\t\t\t\t\t\t<\/span>\n\t\t<\/div>\n\t\t\t\t\t\t<\/div>\n\t\t\t\t\t<\/div>\n\t\t\t\t<\/div>\n\t\t<div class=\"elementor-element elementor-element-ddababf e-flex e-con-boxed e-con e-parent\" data-id=\"ddababf\" data-element_type=\"container\" data-e-type=\"container\">\n\t\t\t\t\t<div class=\"e-con-inner\">\n\t\t\t\t<div class=\"elementor-element elementor-element-4101420 elementor-widget elementor-widget-image\" data-id=\"4101420\" data-element_type=\"widget\" data-e-type=\"widget\" data-widget_type=\"image.default\">\n\t\t\t\t\t\t\t\t\t\t\t\t\t\t\t<img loading=\"lazy\" decoding=\"async\" width=\"1024\" height=\"982\" src=\"https:\/\/maisonfofiz.com\/wp-content\/uploads\/2026\/04\/soulwear-1024x982.png\" class=\"attachment-large size-large wp-image-1554\" alt=\"Collection Blakfofiz Soulwear \u00a9 Blakfofiz, 2026.\" srcset=\"https:\/\/maisonfofiz.com\/wp-content\/uploads\/2026\/04\/soulwear-1024x982.png 1024w, https:\/\/maisonfofiz.com\/wp-content\/uploads\/2026\/04\/soulwear-300x288.png 300w, https:\/\/maisonfofiz.com\/wp-content\/uploads\/2026\/04\/soulwear-768x737.png 768w, https:\/\/maisonfofiz.com\/wp-content\/uploads\/2026\/04\/soulwear-600x576.png 600w, https:\/\/maisonfofiz.com\/wp-content\/uploads\/2026\/04\/soulwear.png 1251w\" sizes=\"(max-width: 1024px) 100vw, 1024px\" \/>\t\t\t\t\t\t\t\t\t\t\t\t\t\t\t<\/div>\n\t\t\t\t\t<\/div>\n\t\t\t\t<\/div>\n\t\t<div class=\"elementor-element elementor-element-a6c7e3a e-flex e-con-boxed e-con e-parent\" data-id=\"a6c7e3a\" data-element_type=\"container\" data-e-type=\"container\">\n\t\t\t\t\t<div class=\"e-con-inner\">\n\t\t\t\t<div class=\"elementor-element elementor-element-bb16682 elementor-widget elementor-widget-heading\" data-id=\"bb16682\" data-element_type=\"widget\" data-e-type=\"widget\" data-widget_type=\"heading.default\">\n\t\t\t\t\t<h2 class=\"elementor-heading-title elementor-size-default\">BLAKFOFIZ SOULWEAR \u2014 The expansion<\/h2>\t\t\t\t<\/div>\n\t\t\t\t\t<\/div>\n\t\t\t\t<\/div>\n\t\t<div class=\"elementor-element elementor-element-4f8d7c2 e-flex e-con-boxed e-con e-parent\" data-id=\"4f8d7c2\" data-element_type=\"container\" data-e-type=\"container\">\n\t\t\t\t\t<div class=\"e-con-inner\">\n\t\t\t\t<div class=\"elementor-element elementor-element-ec941f9 elementor-widget elementor-widget-text-editor\" data-id=\"ec941f9\" data-element_type=\"widget\" data-e-type=\"widget\" data-widget_type=\"text-editor.default\">\n\t\t\t\t\t\t\t\t\t<p>Soulwear is a hybrid space.<\/p><p>Language becomes a sign. The sign becomes identity.<\/p><p>The coat of arms plays a central role: an immediately recognizable form.<\/p><p>Soulwear can take the form of:<\/p><ul><li>unique pieces<\/li><li>publishing<\/li><li>textile works<\/li><\/ul>\t\t\t\t\t\t\t\t<\/div>\n\t\t\t\t\t<\/div>\n\t\t\t\t<\/div>\n\t\t<div class=\"elementor-element elementor-element-60b0166 e-flex e-con-boxed e-con e-parent\" data-id=\"60b0166\" data-element_type=\"container\" data-e-type=\"container\">\n\t\t\t\t\t<div class=\"e-con-inner\">\n\t\t\t\t<div class=\"elementor-element elementor-element-05d3972 elementor-align-center elementor-widget elementor-widget-button\" data-id=\"05d3972\" data-element_type=\"widget\" data-e-type=\"widget\" data-widget_type=\"button.default\">\n\t\t\t\t\t\t\t\t\t\t<a class=\"elementor-button elementor-button-link elementor-size-sm\" href=\"https:\/\/maisonfofiz.com\/en\/soulwear\/\">\n\t\t\t\t\t\t<span class=\"elementor-button-content-wrapper\">\n\t\t\t\t\t\t\t\t\t<span class=\"elementor-button-text\">Explorer Soulwear<\/span>\n\t\t\t\t\t<\/span>\n\t\t\t\t\t<\/a>\n\t\t\t\t\t\t\t\t<\/div>\n\t\t\t\t\t<\/div>\n\t\t\t\t<\/div>\n\t\t<div class=\"elementor-element elementor-element-0dbba35 e-flex e-con-boxed e-con e-parent\" data-id=\"0dbba35\" data-element_type=\"container\" data-e-type=\"container\">\n\t\t\t\t\t<div class=\"e-con-inner\">\n\t\t\t\t<div class=\"elementor-element elementor-element-813ce5d elementor-widget-divider--view-line elementor-widget elementor-widget-divider\" data-id=\"813ce5d\" data-element_type=\"widget\" data-e-type=\"widget\" data-widget_type=\"divider.default\">\n\t\t\t\t\t\t\t<div class=\"elementor-divider\">\n\t\t\t<span class=\"elementor-divider-separator\">\n\t\t\t\t\t\t<\/span>\n\t\t<\/div>\n\t\t\t\t\t\t<\/div>\n\t\t\t\t\t<\/div>\n\t\t\t\t<\/div>\n\t\t<div class=\"elementor-element elementor-element-642b2e7 e-flex e-con-boxed e-con e-parent\" data-id=\"642b2e7\" data-element_type=\"container\" data-e-type=\"container\">\n\t\t\t\t\t<div class=\"e-con-inner\">\n\t\t\t\t<div class=\"elementor-element elementor-element-494aff0 elementor-widget elementor-widget-heading\" data-id=\"494aff0\" data-element_type=\"widget\" data-e-type=\"widget\" data-widget_type=\"heading.default\">\n\t\t\t\t\t<h2 class=\"elementor-heading-title elementor-size-default\">A structure, not a hierarchy<\/h2>\t\t\t\t<\/div>\n\t\t\t\t\t<\/div>\n\t\t\t\t<\/div>\n\t\t<div class=\"elementor-element elementor-element-632895a e-flex e-con-boxed e-con e-parent\" data-id=\"632895a\" data-element_type=\"container\" data-e-type=\"container\">\n\t\t\t\t\t<div class=\"e-con-inner\">\n\t\t\t\t<div class=\"elementor-element elementor-element-d4df7ba elementor-widget elementor-widget-text-editor\" data-id=\"d4df7ba\" data-element_type=\"widget\" data-e-type=\"widget\" data-widget_type=\"text-editor.default\">\n\t\t\t\t\t\t\t\t\t<p>Classic diffuses. Prestige embodies. Imperial concentrates. Soulwear prolongs.<\/p><p>It&#039;s a circular system. The value comes from the function, not the position.<\/p>\t\t\t\t\t\t\t\t<\/div>\n\t\t\t\t\t<\/div>\n\t\t\t\t<\/div>\n\t\t\t\t<\/div>","protected":false},"excerpt":{"rendered":"<p>LES COLLECTIONS L\u2019architecture vivante de la Maison FOFIZ Maison FOFIZ ne diffuse pas des \u0153uvres. Elle organise un syst\u00e8me. Chaque cr\u00e9ation issue d\u2019\u00c0\u1e62\u1eb8KEMET circule \u00e0 travers diff\u00e9rents niveaux d\u2019incarnation, selon sa fonction, sa port\u00e9e et son intensit\u00e9. Il ne s\u2019agit pas de gammes. Il s\u2019agit de formes de pr\u00e9sence dans le monde r\u00e9el. Quatre collections [&hellip;]<\/p>\n","protected":false},"author":3,"featured_media":0,"parent":0,"menu_order":0,"comment_status":"closed","ping_status":"closed","template":"","meta":{"footnotes":""},"class_list":["post-1525","page","type-page","status-publish","hentry"],"_links":{"self":[{"href":"https:\/\/maisonfofiz.com\/en\/wp-json\/wp\/v2\/pages\/1525","targetHints":{"allow":["GET"]}}],"collection":[{"href":"https:\/\/maisonfofiz.com\/en\/wp-json\/wp\/v2\/pages"}],"about":[{"href":"https:\/\/maisonfofiz.com\/en\/wp-json\/wp\/v2\/types\/page"}],"author":[{"embeddable":true,"href":"https:\/\/maisonfofiz.com\/en\/wp-json\/wp\/v2\/users\/3"}],"replies":[{"embeddable":true,"href":"https:\/\/maisonfofiz.com\/en\/wp-json\/wp\/v2\/comments?post=1525"}],"version-history":[{"count":22,"href":"https:\/\/maisonfofiz.com\/en\/wp-json\/wp\/v2\/pages\/1525\/revisions"}],"predecessor-version":[{"id":2073,"href":"https:\/\/maisonfofiz.com\/en\/wp-json\/wp\/v2\/pages\/1525\/revisions\/2073"}],"wp:attachment":[{"href":"https:\/\/maisonfofiz.com\/en\/wp-json\/wp\/v2\/media?parent=1525"}],"curies":[{"name":"wp","href":"https:\/\/api.w.org\/{rel}","templated":true}]}}